{"id":13,"date":"2025-06-07T19:12:17","date_gmt":"2025-06-07T17:12:17","guid":{"rendered":"https:\/\/bjarkagard.se\/contact\/"},"modified":"2026-04-03T12:17:51","modified_gmt":"2026-04-03T10:17:51","slug":"contact","status":"publish","type":"page","link":"https:\/\/bjarkagard.se\/en\/kontakt\/","title":{"rendered":"Contact us"},"content":{"rendered":"<section class=\"bde-section-13-100 bde-section\">\n              \n  \n  \n\t\n\n  <div class=\"section-background-overlay\"><\/div>\n\n\n<div class=\"section-container\"><h1 class=\"bde-heading-13-101 bde-heading\">\nContact us at\n<\/h1><div class=\"bde-div-13-102 bde-div\">\n  \n  \n\t\n\n\n\n<div class=\"bde-text-13-103 bde-text\">\nScroll down\n<\/div><div class=\"bde-image-13-104 bde-image\">\n<figure class=\"breakdance-image breakdance-image--49\">\n\t<div class=\"breakdance-image-container\">\n\t\t<div class=\"breakdance-image-clip\"><img loading=\"lazy\" decoding=\"async\" class=\"breakdance-image-object\" src=\"https:\/\/breakdancelibrary.com\/hotel\/wp-content\/uploads\/sites\/34\/2023\/02\/arrow-down-black-white.png\" width=\"7\" height=\"61\" sizes=\"auto, (max-width: 7px) 100vw, 7px\" alt=\"\" title=\"\"><\/div>\n\t<\/div><\/figure>\n\n<\/div>\n<\/div><\/div>\n<\/section><section class=\"bde-section-13-105 bde-section\">\n  \n  \n\t\n\n\n\n<div class=\"section-container\"><h2 class=\"bde-heading-13-106 bde-heading\">\nWe will be delighted when you contact us!\n<\/h2><div class=\"bde-div-13-107 bde-div\">\n  \n  \n\t\n\n\n\n<div class=\"bde-div-13-108 bde-div\">\n  \n  \n\t\n\n\n\n<h3 class=\"bde-heading-13-109 bde-heading\">\nPlease give us a call\n<\/h3><div class=\"bde-text-13-110 bde-text\">\n+46 734 12 61 45\n<\/div>\n<\/div><div class=\"bde-div-13-111 bde-div\">\n  \n  \n\t\n\n\n\n<h3 class=\"bde-heading-13-112 bde-heading\">\nSend an e-mail\n<\/h3><div class=\"bde-text-13-113 bde-text\">\nshani@bjarkagard.se\n<\/div>\n<\/div><div class=\"bde-div-13-114 bde-div\">\n  \n  \n\t\n\n\n\n<h3 class=\"bde-heading-13-115 bde-heading\">\nOur address\n<\/h3><div class=\"bde-text-13-116 bde-text\">\nNorra Bj\u00f6rstorp 121, 27355 Br\u00f6sarp\n<\/div>\n<\/div>\n<\/div><h2 id=\"hitta_hit\" class=\"bde-heading-13-117 bde-heading\">\nFind Bjarkag\u00e5rden in \u00d6sterlen\n<\/h2><div class=\"bde-google-map-13-119 bde-google-map\">\r\n<iframe width=\"100%\" height=\"100%\" style=\"border:0\" loading=\"lazy\" title=\"Map\" src=\"https:\/\/maps.google.com\/maps?q=Bjarkag%C3%A5rd&t=m&z=9&output=embed&iwloc=near\" allowfullscreen><\/iframe>\n<\/div><\/div>\n<\/section>","protected":false},"excerpt":{"rendered":"<p>Contact us Scroll down We are delighted when you contact us! Feel free to give us a call +46 734 12 61 45 Send an email shani@bjarkagard.se Our address Norra Bj\u00f6rstorp 121, 27355 Br\u00f6sarp Find your way to Bjarkag\u00e5rden on \u00d6sterlen<\/p>","protected":false},"author":1,"featured_media":0,"parent":0,"menu_order":0,"comment_status":"closed","ping_status":"closed","template":"","meta":{"_acf_changed":false,"footnotes":""},"class_list":["post-13","page","type-page","status-publish","hentry"],"acf":[],"_links":{"self":[{"href":"https:\/\/bjarkagard.se\/en\/wp-json\/wp\/v2\/pages\/13","targetHints":{"allow":["GET"]}}],"collection":[{"href":"https:\/\/bjarkagard.se\/en\/wp-json\/wp\/v2\/pages"}],"about":[{"href":"https:\/\/bjarkagard.se\/en\/wp-json\/wp\/v2\/types\/page"}],"author":[{"embeddable":true,"href":"https:\/\/bjarkagard.se\/en\/wp-json\/wp\/v2\/users\/1"}],"replies":[{"embeddable":true,"href":"https:\/\/bjarkagard.se\/en\/wp-json\/wp\/v2\/comments?post=13"}],"version-history":[{"count":0,"href":"https:\/\/bjarkagard.se\/en\/wp-json\/wp\/v2\/pages\/13\/revisions"}],"wp:attachment":[{"href":"https:\/\/bjarkagard.se\/en\/wp-json\/wp\/v2\/media?parent=13"}],"curies":[{"name":"wp","href":"https:\/\/api.w.org\/{rel}","templated":true}]}}