{"id":20,"date":"2025-06-07T19:12:18","date_gmt":"2025-06-07T17:12:18","guid":{"rendered":"https:\/\/bjarkagard.se\/packages\/"},"modified":"2025-06-19T11:55:25","modified_gmt":"2025-06-19T09:55:25","slug":"glamping","status":"publish","type":"page","link":"https:\/\/bjarkagard.se\/en\/glamping\/","title":{"rendered":"Glamping"},"content":{"rendered":"<style>.breakdance .bde-section-20-322{background-image:url(https:\/\/bjarkagard.se\/wp-content\/uploads\/2025\/06\/Bjarkagard-pa-Osterlen-skymtar-glamping-solplatten-bland-traden_-1024x731.jpg);background-size:cover;background-repeat:no-repeat;background-position:center center}.breakdance .bde-section-20-322>.section-background-overlay{background-color:var(--bde-palette-color-1-672e4e9d-3e19-4b83-83a1-c3c7b9f8c47b);transition:background-color var(--bde-transition-duration) ease-in-out}.breakdance .bde-section-20-322>.section-background-overlay{opacity:0.2}<\/style><section class=\"bde-section-20-322 bde-section\">\n              \n  \n  \n\t\n\n  <div class=\"section-background-overlay\"><\/div>\n\n\n<div class=\"section-container\"><div class=\"bde-text-20-323 bde-text\">\nUnique accommodation at Bjarkag\u00e5rd\n<\/div><h1 class=\"bde-heading-20-324 bde-heading\">\nGlamping\n<\/h1><div class=\"bde-div-20-325 bde-div\">\n  \n  \n\t\n\n\n\n<div class=\"bde-text-20-326 bde-text\">\nscroll for more\n<\/div><div class=\"bde-image-20-327 bde-image\">\n<figure class=\"breakdance-image breakdance-image--49\">\n\t<div class=\"breakdance-image-container\">\n\t\t<div class=\"breakdance-image-clip\"><img loading=\"lazy\" decoding=\"async\" class=\"breakdance-image-object\" src=\"https:\/\/breakdancelibrary.com\/hotel\/wp-content\/uploads\/sites\/34\/2023\/02\/arrow-down-black-white.png\" width=\"7\" height=\"61\" sizes=\"auto, (max-width: 7px) 100vw, 7px\" alt=\"\" title=\"\"><\/div>\n\t<\/div><\/figure>\n\n<\/div>\n<\/div><\/div>\n<\/section><section class=\"bde-section-20-328 bde-section\">\n  \n  \n\t\n\n\n\n<div class=\"section-container\"><div class=\"bde-text-20-330 bde-text\">\nDo you want to be close to nature, but still live comfortably? <br>Welcome to our spacious glamping tents or charming tiny houses!\n<\/div><div class=\"bde-post-loop-20-329 bde-post-loop\"><div class=\"bde-loop bde-loop-grid ee-posts ee-posts-grid\">    <section class=\"bde-loop-item ee-post\">\n        <a class=\"bde-container-link-149-100-51-149-1 bde-container-link bde-container-link-149-100 breakdance-link\" href=\"https:\/\/bjarkagard.se\/en\/glamping\/marrakech\/\" target=\"_self\" data-type=\"url\">\n  \n  \n\t\n\n\n\n<style>.breakdance .bde-div-149-101-51-149-1{background-image:url(https:\/\/bjarkagard.se\/wp-content\/uploads\/2025\/06\/Bjarkagard-pa-Osterlen-inuti-glampingtalt-marrakech-1024x731.jpg);background-size:cover;background-repeat:no-repeat;background-position:center center}.breakdance .bde-div-149-101-51-149-1>*{z-index:1}.breakdance .bde-div-149-101-51-149-1>.section-background-overlay{z-index:0}.breakdance .bde-div-149-101-51-149-1>.section-background-overlay{background:linear-gradient(0deg,rgba(0,0,0,1) 25.128205128205128%,rgba(255,255,255,1) 100%)}.breakdance .bde-div-149-101-51-149-1>.section-background-overlay{background-color:#000;transition:background-color var(--bde-transition-duration) ease-in-out}.breakdance .bde-div-149-101-51-149-1{overflow:hidden}.breakdance .bde-div-149-101-51-149-1>.section-background-overlay{opacity:0.3}@media (max-width:1119px){.breakdance .bde-div-149-101-51-149-1{overflow:hidden}}@media (max-width:1023px){.breakdance .bde-div-149-101-51-149-1{overflow:hidden}}@media (max-width:767px){.breakdance .bde-div-149-101-51-149-1{overflow:hidden}}@media (max-width:479px){.breakdance .bde-div-149-101-51-149-1{overflow:hidden}}<\/style><div class=\"bde-div-149-101-51-149-1 bde-div bde-div-149-101\">\n              \n  \n  \n\t\n\n  <div class=\"section-background-overlay\"><\/div>\n\n\n<div class=\"bde-div-149-102-51-149-1 bde-div bde-div-149-102\">\n  \n  \n\t\n\n\n\n<h3 class=\"bde-heading-149-103-51-149-1 bde-heading event_list_archive_header bde-heading-149-103\">Marrakech<\/h3>\n<\/div>\n<\/div>\n\n<\/a>    <\/section>\n    <section class=\"bde-loop-item ee-post\">\n        <a class=\"bde-container-link-149-100-83-149-1 bde-container-link bde-container-link-149-100 breakdance-link\" href=\"https:\/\/bjarkagard.se\/en\/glamping\/solplatten\/\" target=\"_self\" data-type=\"url\">\n  \n  \n\t\n\n\n\n<style>.breakdance .bde-div-149-101-83-149-1{background-image:url(https:\/\/bjarkagard.se\/wp-content\/uploads\/2025\/06\/Bjarkagard-pa-Osterlen-solplatten-glamping-1024x731.jpg);background-size:cover;background-repeat:no-repeat;background-position:center center}.breakdance .bde-div-149-101-83-149-1>*{z-index:1}.breakdance .bde-div-149-101-83-149-1>.section-background-overlay{z-index:0}.breakdance .bde-div-149-101-83-149-1>.section-background-overlay{background:linear-gradient(0deg,rgba(0,0,0,1) 25.128205128205128%,rgba(255,255,255,1) 100%)}.breakdance .bde-div-149-101-83-149-1>.section-background-overlay{background-color:#000;transition:background-color var(--bde-transition-duration) ease-in-out}.breakdance .bde-div-149-101-83-149-1{overflow:hidden}.breakdance .bde-div-149-101-83-149-1>.section-background-overlay{opacity:0.3}@media (max-width:1119px){.breakdance .bde-div-149-101-83-149-1{overflow:hidden}}@media (max-width:1023px){.breakdance .bde-div-149-101-83-149-1{overflow:hidden}}@media (max-width:767px){.breakdance .bde-div-149-101-83-149-1{overflow:hidden}}@media (max-width:479px){.breakdance .bde-div-149-101-83-149-1{overflow:hidden}}<\/style><div class=\"bde-div-149-101-83-149-1 bde-div bde-div-149-101\">\n              \n  \n  \n\t\n\n  <div class=\"section-background-overlay\"><\/div>\n\n\n<div class=\"bde-div-149-102-83-149-1 bde-div bde-div-149-102\">\n  \n  \n\t\n\n\n\n<h3 class=\"bde-heading-149-103-83-149-1 bde-heading event_list_archive_header bde-heading-149-103\">The brine beds<\/h3>\n<\/div>\n<\/div>\n\n<\/a>    <\/section>\n    <section class=\"bde-loop-item ee-post\">\n        <a class=\"bde-container-link-149-100-84-149-1 bde-container-link bde-container-link-149-100 breakdance-link\" href=\"https:\/\/bjarkagard.se\/en\/glamping\/tiny-house\/\" target=\"_self\" data-type=\"url\">\n  \n  \n\t\n\n\n\n<style>.breakdance .bde-div-149-101-84-149-1{background-image:url(https:\/\/bjarkagard.se\/wp-content\/uploads\/2025\/06\/Bjarkagard-pa-Osterlen-tiny-house-terrass-1024x731.jpg);background-size:cover;background-repeat:no-repeat;background-position:center center}.breakdance .bde-div-149-101-84-149-1>*{z-index:1}.breakdance .bde-div-149-101-84-149-1>.section-background-overlay{z-index:0}.breakdance .bde-div-149-101-84-149-1>.section-background-overlay{background:linear-gradient(0deg,rgba(0,0,0,1) 25.128205128205128%,rgba(255,255,255,1) 100%)}.breakdance .bde-div-149-101-84-149-1>.section-background-overlay{background-color:#000;transition:background-color var(--bde-transition-duration) ease-in-out}.breakdance .bde-div-149-101-84-149-1{overflow:hidden}.breakdance .bde-div-149-101-84-149-1>.section-background-overlay{opacity:0.3}@media (max-width:1119px){.breakdance .bde-div-149-101-84-149-1{overflow:hidden}}@media (max-width:1023px){.breakdance .bde-div-149-101-84-149-1{overflow:hidden}}@media (max-width:767px){.breakdance .bde-div-149-101-84-149-1{overflow:hidden}}@media (max-width:479px){.breakdance .bde-div-149-101-84-149-1{overflow:hidden}}<\/style><div class=\"bde-div-149-101-84-149-1 bde-div bde-div-149-101\">\n              \n  \n  \n\t\n\n  <div class=\"section-background-overlay\"><\/div>\n\n\n<div class=\"bde-div-149-102-84-149-1 bde-div bde-div-149-102\">\n  \n  \n\t\n\n\n\n<h3 class=\"bde-heading-149-103-84-149-1 bde-heading event_list_archive_header bde-heading-149-103\">Tiny House<\/h3>\n<\/div>\n<\/div>\n\n<\/a>    <\/section>\n<\/div>\r\n<\/div><\/div>\n<\/section><section class=\"bde-section-20-331 bde-section\">\n  \n  \n\t\n\n\n\n<div class=\"section-container\"><div class=\"bde-columns-20-332 bde-columns\"><div class=\"bde-column-20-333 bde-column\">\n  \n  \n\t\n\n\n\n<img decoding=\"async\" class=\"bde-image2-20-334 bde-image2\" src=\"https:\/\/bjarkagard.se\/wp-content\/uploads\/2025\/06\/mir_00661.jpg\" alt=\"Bjarka farm in \u00d6sterlen\" loading=\"lazy\" srcset=\"https:\/\/bjarkagard.se\/wp-content\/uploads\/2025\/06\/mir_00661.jpg 1280w, https:\/\/bjarkagard.se\/wp-content\/uploads\/2025\/06\/mir_00661-200x300.jpg 200w, https:\/\/bjarkagard.se\/wp-content\/uploads\/2025\/06\/mir_00661-683x1024.jpg 683w, https:\/\/bjarkagard.se\/wp-content\/uploads\/2025\/06\/mir_00661-768x1152.jpg 768w, https:\/\/bjarkagard.se\/wp-content\/uploads\/2025\/06\/mir_00661-1024x1536.jpg 1024w\" sizes=\"(max-width: 1280px) 100vw, 1280px\" title=\"\">\n<\/div><div class=\"bde-column-20-335 bde-column\">\n  \n  \n\t\n\n\n\n<div class=\"bde-text-20-336 bde-text\">\nCoffee making outside the tent\n<\/div><h2 class=\"bde-heading-20-337 bde-heading\">\nGlamping\n<\/h2><div class=\"bde-text-20-338 bde-text\">\nAs a resident, you will have access to all shared facilities both inside and outside: <br><br>Outdoor toilets and showers, a fully equipped kitchen and lounge in the orangery, the fire pit and barbecues on the large, sunny terrace. <br><br>Click on any of the properties to see more \ud83d\ude42\n<\/div><a class=\"bde-container-link-20-339 bde-container-link breakdance-link\" href=\"https:\/\/bjarkagard.se\/en\/contact\/\" target=\"_self\" data-type=\"url\">\n  \n  \n\t\n\n\n\n<div class=\"bde-text-20-340 bde-text\">\nContact us at\n<\/div><div class=\"bde-icon-20-341 bde-icon\">\n\n    \n            <div class=\"bde-icon-icon breakdance-icon-atom\" >\n    \n                    <svg xmlns=\"http:\/\/www.w3.org\/2000\/svg\" width=\"63\" height=\"16\" viewbox=\"0 0 63 16\" fill=\"none\">\n<path opacity=\"0.88\" d=\"M62.7071 8.70711C63.0976 8.31658 63.0976 7.68342 62.7071 7.29289L56.3431 0.928932C55.9526 0.538408 55.3195 0.538408 54.9289 0.928932C54.5384 1.31946 54.5384 1.95262 54.9289 2.34315L60.5858 8L54.9289 13.6569C54.5384 14.0474 54.5384 14.6805 54.9289 15.0711C55.3195 15.4616 55.9526 15.4616 56.3431 15.0711L62.7071 8.70711ZM0 9H62V7H0V9Z\" fill=\"#384140\"\/>\n<\/svg>\n        \n        \n        \n            <\/div>\n    \n\n\n<\/div>\n\n<\/a>\n<\/div><\/div><\/div>\n<\/section><section class=\"bde-section-20-342 bde-section\">\n  \n  \n\t\n\n\n\n<div class=\"section-container\"><div class=\"bde-columns-20-343 bde-columns\"><div class=\"bde-column-20-344 bde-column\">\n  \n  \n\t\n\n\n\n<div class=\"bde-text-20-345 bde-text\">\nNature and culture\n<\/div><h2 class=\"bde-heading-20-346 bde-heading\">\nEnjoy \u00d6sterlen!\n<\/h2><div class=\"bde-text-20-347 bde-text\">\nBjarkag\u00e5rd is located in the middle of the fantastic nature of Linder\u00f6ds\u00e5sen - and at the same time close to everything in \u00d6sterlen. <br><br>Hike Sk\u00e5neleden or in Br\u00f6sarp's northern slopes, or go to the beach which is only 15 minutes away by car.<br><br>We are happy to provide tips on tours and excursions.\n<\/div><a class=\"bde-container-link-20-348 bde-container-link breakdance-link\" href=\"https:\/\/bjarkagard.se\/en\/contact\/\" target=\"_self\" data-type=\"url\">\n  \n  \n\t\n\n\n\n<div class=\"bde-text-20-349 bde-text\">\nContact us at\n<\/div><div class=\"bde-icon-20-350 bde-icon\">\n\n    \n            <div class=\"bde-icon-icon breakdance-icon-atom\" >\n    \n                    <svg xmlns=\"http:\/\/www.w3.org\/2000\/svg\" width=\"63\" height=\"16\" viewbox=\"0 0 63 16\" fill=\"none\">\n<path opacity=\"0.88\" d=\"M62.7071 8.70711C63.0976 8.31658 63.0976 7.68342 62.7071 7.29289L56.3431 0.928932C55.9526 0.538408 55.3195 0.538408 54.9289 0.928932C54.5384 1.31946 54.5384 1.95262 54.9289 2.34315L60.5858 8L54.9289 13.6569C54.5384 14.0474 54.5384 14.6805 54.9289 15.0711C55.3195 15.4616 55.9526 15.4616 56.3431 15.0711L62.7071 8.70711ZM0 9H62V7H0V9Z\" fill=\"#384140\"\/>\n<\/svg>\n        \n        \n        \n            <\/div>\n    \n\n\n<\/div>\n\n<\/a>\n<\/div><div class=\"bde-column-20-351 bde-column\">\n  \n  \n\t\n\n\n\n<img decoding=\"async\" class=\"bde-image2-20-352 bde-image2\" src=\"https:\/\/bjarkagard.se\/wp-content\/uploads\/2025\/06\/prommis-2-kopia.jpeg\" alt=\"Bjarka farm in \u00d6sterlen\" loading=\"lazy\" srcset=\"https:\/\/bjarkagard.se\/wp-content\/uploads\/2025\/06\/prommis-2-kopia.jpeg 900w, https:\/\/bjarkagard.se\/wp-content\/uploads\/2025\/06\/prommis-2-kopia-300x225.jpeg 300w, https:\/\/bjarkagard.se\/wp-content\/uploads\/2025\/06\/prommis-2-kopia-768x576.jpeg 768w\" sizes=\"(max-width: 900px) 100vw, 900px\" title=\"\">\n<\/div><\/div><\/div>\n<\/section>","protected":false},"excerpt":{"rendered":"<p>Unikt boende p\u00e5 Bjarkag\u00e5rd Glamping scrolla f\u00f6r mer Vill du komma n\u00e4ra naturen, men \u00e4nd\u00e5 bo bekv\u00e4mt? V\u00e4lkommen till v\u00e5ra rymliga glampingt\u00e4lt eller charmiga tiny house! Marrakech Solpl\u00e4tten Tiny House Kaffekokning utanf\u00f6r t\u00e4ltet Glamping Som boende f\u00e5r du tillg\u00e5ng till alla gemensamma faciliteter b\u00e5de ute och inne: Utetoaletter och duschar, ett fullt utrustat k\u00f6k och [&hellip;]<\/p>\n","protected":false},"author":1,"featured_media":64,"parent":0,"menu_order":0,"comment_status":"closed","ping_status":"closed","template":"","meta":{"_acf_changed":false,"footnotes":""},"class_list":["post-20","page","type-page","status-publish","has-post-thumbnail","hentry"],"acf":[],"_links":{"self":[{"href":"https:\/\/bjarkagard.se\/en\/wp-json\/wp\/v2\/pages\/20","targetHints":{"allow":["GET"]}}],"collection":[{"href":"https:\/\/bjarkagard.se\/en\/wp-json\/wp\/v2\/pages"}],"about":[{"href":"https:\/\/bjarkagard.se\/en\/wp-json\/wp\/v2\/types\/page"}],"author":[{"embeddable":true,"href":"https:\/\/bjarkagard.se\/en\/wp-json\/wp\/v2\/users\/1"}],"replies":[{"embeddable":true,"href":"https:\/\/bjarkagard.se\/en\/wp-json\/wp\/v2\/comments?post=20"}],"version-history":[{"count":0,"href":"https:\/\/bjarkagard.se\/en\/wp-json\/wp\/v2\/pages\/20\/revisions"}],"wp:featuredmedia":[{"embeddable":true,"href":"https:\/\/bjarkagard.se\/en\/wp-json\/wp\/v2\/media\/64"}],"wp:attachment":[{"href":"https:\/\/bjarkagard.se\/en\/wp-json\/wp\/v2\/media?parent=20"}],"curies":[{"name":"wp","href":"https:\/\/api.w.org\/{rel}","templated":true}]}}