{"id":22,"date":"2025-06-07T19:12:18","date_gmt":"2025-06-07T17:12:18","guid":{"rendered":"https:\/\/bjarkagard.se\/wedding\/"},"modified":"2025-12-04T11:41:38","modified_gmt":"2025-12-04T10:41:38","slug":"brollop","status":"publish","type":"page","link":"https:\/\/bjarkagard.se\/en\/brollop\/","title":{"rendered":"Weddings"},"content":{"rendered":"<section class=\"bde-section-22-100 bde-section\">\n              \n  \n  \n\t\n\n  <div class=\"section-background-overlay\"><\/div>\n\n\n<div class=\"section-container\"><h1 class=\"bde-heading-22-101 bde-heading\">\nWeddings\n<\/h1><div class=\"bde-div-22-102 bde-div\">\n  \n  \n\t\n\n\n\n<div class=\"bde-text-22-103 bde-text\">\nscroll down\n<\/div><div class=\"bde-image-22-104 bde-image\">\n<figure class=\"breakdance-image breakdance-image--49\">\n\t<div class=\"breakdance-image-container\">\n\t\t<div class=\"breakdance-image-clip\"><img loading=\"lazy\" decoding=\"async\" class=\"breakdance-image-object\" src=\"https:\/\/breakdancelibrary.com\/hotel\/wp-content\/uploads\/sites\/34\/2023\/02\/arrow-down-black-white.png\" width=\"7\" height=\"61\" sizes=\"auto, (max-width: 7px) 100vw, 7px\" alt=\"\" title=\"\"><\/div>\n\t<\/div><\/figure>\n\n<\/div>\n<\/div><\/div>\n<\/section><section class=\"bde-section-22-105 bde-section\">\n  \n  \n\t\n\n\n\n<div class=\"section-container\"><h2 class=\"bde-heading-22-106 bde-heading\">\nvenue for weddings and parties\n<\/h2><div class=\"bde-columns-22-107 bde-columns\"><div class=\"bde-column-22-108 bde-column\">\n  \n  \n\t\n\n\n\n<div class=\"bde-image-22-109 bde-image\">\n<figure class=\"breakdance-image breakdance-image--246\">\n\t<div class=\"breakdance-image-container\">\n\t\t<div class=\"breakdance-image-clip\"><img loading=\"lazy\" decoding=\"async\" class=\"breakdance-image-object\" src=\"https:\/\/breakdancelibrary.com\/hotel\/wp-content\/uploads\/sites\/34\/2024\/06\/wedding-hall-img-768x1025.png\" width=\"768\" height=\"1025\" srcset=\"https:\/\/breakdancelibrary.com\/hotel\/wp-content\/uploads\/sites\/34\/2024\/06\/wedding-hall-img.png 1160w, https:\/\/breakdancelibrary.com\/hotel\/wp-content\/uploads\/sites\/34\/2024\/06\/wedding-hall-img-225x300.png 225w, https:\/\/breakdancelibrary.com\/hotel\/wp-content\/uploads\/sites\/34\/2024\/06\/wedding-hall-img-767x1024.png 767w, https:\/\/breakdancelibrary.com\/hotel\/wp-content\/uploads\/sites\/34\/2024\/06\/wedding-hall-img-768x1025.png 768w, https:\/\/breakdancelibrary.com\/hotel\/wp-content\/uploads\/sites\/34\/2024\/06\/wedding-hall-img-1151x1536.png 1151w\" sizes=\"auto, (max-width: 1160px) 100vw, 1160px\" alt=\"\" title=\"\"><\/div>\n\t<\/div><\/figure>\n\n<\/div>\n<\/div><div class=\"bde-column-22-110 bde-column\">\n  \n  \n\t\n\n\n\n<div class=\"bde-text-22-111 bde-text\">\n<br>\n<\/div><h2 class=\"bde-heading-22-112 bde-heading\">\nParty in the middle of the green\n<\/h2><div class=\"bde-text-22-113 bde-text\">\nWe have the facilities for large parties and weddings, both inside and outside. From 2026 it is possible to book - please contact us if you are curious.<br><br>\n<\/div>\n<\/div><\/div><div class=\"bde-div-22-117 bde-div\">\n  \n  \n\t\n\n\n\n<div class=\"bde-text-22-118 bde-text\">\nimage gallery\n<\/div><h2 class=\"bde-heading-22-119 bde-heading\">\nPictures showing the possibilities will be available soon\n<\/h2>\n<\/div><div class=\"bde-gallery-22-120 bde-gallery\">\n\n\n  \n\n\n\n\n\n\n\n\n\n\n<div class=\"ee-gallery ee-gallery--default ee-gallery--grid ee-gallery-- ee-gallery--lightbox ee-gallery-- ee-gallery--caption- ee-gallery--caption-none ee-gallery--ratio\">\n                  \n      <a class=\"ee-gallery-item ee-gallery-item--image ee-gallery-item--single\" href=\"https:\/\/breakdancelibrary.com\/hotel\/wp-content\/uploads\/sites\/34\/2024\/06\/wedding-collection-img6.png\" span rel=\"nofollow noopener\" target=\"_blank\"><\/span>\" data-category=\"1\" data-lg-size=\"700-838\"\n\n      &gt;\n        <figure class=\"ee-gallery-item-figure\">\n                        <img decoding=\"async\" class=\"breakdance-image-object\" src=\"https:\/\/breakdancelibrary.com\/hotel\/wp-content\/uploads\/sites\/34\/2024\/06\/wedding-collection-img6.png\" width=\"700\" height=\"838\" srcset=\"https:\/\/breakdancelibrary.com\/hotel\/wp-content\/uploads\/sites\/34\/2024\/06\/wedding-collection-img6.png 700w, https:\/\/breakdancelibrary.com\/hotel\/wp-content\/uploads\/sites\/34\/2024\/06\/wedding-collection-img6-251x300.png 251w\" sizes=\"auto, (max-width: 700px) 100vw, 700px\" loading=\"lazy\" alt=\"\" title=\"\">\n          \n                  <\/figure>\n      <\/a>\n\n                \n      <a class=\"ee-gallery-item ee-gallery-item--image ee-gallery-item--single\" href=\"https:\/\/breakdancelibrary.com\/hotel\/wp-content\/uploads\/sites\/34\/2024\/06\/wedding-collection-img1.png\" span rel=\"nofollow noopener\" target=\"_blank\"><\/span>\" data-category=\"1\" data-lg-size=\"700-838\"\n\n      &gt;\n        <figure class=\"ee-gallery-item-figure\">\n                        <img decoding=\"async\" class=\"breakdance-image-object\" src=\"https:\/\/breakdancelibrary.com\/hotel\/wp-content\/uploads\/sites\/34\/2024\/06\/wedding-collection-img1.png\" width=\"700\" height=\"838\" srcset=\"https:\/\/breakdancelibrary.com\/hotel\/wp-content\/uploads\/sites\/34\/2024\/06\/wedding-collection-img1.png 700w, https:\/\/breakdancelibrary.com\/hotel\/wp-content\/uploads\/sites\/34\/2024\/06\/wedding-collection-img1-251x300.png 251w\" sizes=\"auto, (max-width: 700px) 100vw, 700px\" loading=\"lazy\" alt=\"\" title=\"\">\n          \n                  <\/figure>\n      <\/a>\n\n                \n      <a class=\"ee-gallery-item ee-gallery-item--image ee-gallery-item--single\" href=\"https:\/\/breakdancelibrary.com\/hotel\/wp-content\/uploads\/sites\/34\/2024\/06\/wedding-collection-img2.png\" span rel=\"nofollow noopener\" target=\"_blank\"><\/span>\" data-category=\"1\" data-lg-size=\"700-838\"\n\n      &gt;\n        <figure class=\"ee-gallery-item-figure\">\n                        <img decoding=\"async\" class=\"breakdance-image-object\" src=\"https:\/\/breakdancelibrary.com\/hotel\/wp-content\/uploads\/sites\/34\/2024\/06\/wedding-collection-img2.png\" width=\"700\" height=\"838\" srcset=\"https:\/\/breakdancelibrary.com\/hotel\/wp-content\/uploads\/sites\/34\/2024\/06\/wedding-collection-img2.png 700w, https:\/\/breakdancelibrary.com\/hotel\/wp-content\/uploads\/sites\/34\/2024\/06\/wedding-collection-img2-251x300.png 251w\" sizes=\"auto, (max-width: 700px) 100vw, 700px\" loading=\"lazy\" alt=\"\" title=\"\">\n          \n                  <\/figure>\n      <\/a>\n\n                \n      <a class=\"ee-gallery-item ee-gallery-item--image ee-gallery-item--single\" href=\"https:\/\/breakdancelibrary.com\/hotel\/wp-content\/uploads\/sites\/34\/2024\/06\/wedding-collection-img3.png\" span rel=\"nofollow noopener\" target=\"_blank\"><\/span>\" data-category=\"1\" data-lg-size=\"700-838\"\n\n      &gt;\n        <figure class=\"ee-gallery-item-figure\">\n                        <img decoding=\"async\" class=\"breakdance-image-object\" src=\"https:\/\/breakdancelibrary.com\/hotel\/wp-content\/uploads\/sites\/34\/2024\/06\/wedding-collection-img3.png\" width=\"700\" height=\"838\" srcset=\"https:\/\/breakdancelibrary.com\/hotel\/wp-content\/uploads\/sites\/34\/2024\/06\/wedding-collection-img3.png 700w, https:\/\/breakdancelibrary.com\/hotel\/wp-content\/uploads\/sites\/34\/2024\/06\/wedding-collection-img3-251x300.png 251w\" sizes=\"auto, (max-width: 700px) 100vw, 700px\" loading=\"lazy\" alt=\"\" title=\"\">\n          \n                  <\/figure>\n      <\/a>\n\n                \n      <a class=\"ee-gallery-item ee-gallery-item--image ee-gallery-item--single\" href=\"https:\/\/breakdancelibrary.com\/hotel\/wp-content\/uploads\/sites\/34\/2024\/06\/wedding-collection-img4.png\" span rel=\"nofollow noopener\" target=\"_blank\"><\/span>\" data-category=\"1\" data-lg-size=\"700-838\"\n\n      &gt;\n        <figure class=\"ee-gallery-item-figure\">\n                        <img decoding=\"async\" class=\"breakdance-image-object\" src=\"https:\/\/breakdancelibrary.com\/hotel\/wp-content\/uploads\/sites\/34\/2024\/06\/wedding-collection-img4.png\" width=\"700\" height=\"838\" srcset=\"https:\/\/breakdancelibrary.com\/hotel\/wp-content\/uploads\/sites\/34\/2024\/06\/wedding-collection-img4.png 700w, https:\/\/breakdancelibrary.com\/hotel\/wp-content\/uploads\/sites\/34\/2024\/06\/wedding-collection-img4-251x300.png 251w\" sizes=\"auto, (max-width: 700px) 100vw, 700px\" loading=\"lazy\" alt=\"\" title=\"\">\n          \n                  <\/figure>\n      <\/a>\n\n                \n      <a class=\"ee-gallery-item ee-gallery-item--image ee-gallery-item--single\" href=\"https:\/\/breakdancelibrary.com\/hotel\/wp-content\/uploads\/sites\/34\/2024\/06\/wedding-collection-img5.png\" span rel=\"nofollow noopener\" target=\"_blank\"><\/span>\" data-category=\"1\" data-lg-size=\"700-838\"\n\n      &gt;\n        <figure class=\"ee-gallery-item-figure\">\n                        <img decoding=\"async\" class=\"breakdance-image-object\" src=\"https:\/\/breakdancelibrary.com\/hotel\/wp-content\/uploads\/sites\/34\/2024\/06\/wedding-collection-img5.png\" width=\"700\" height=\"838\" srcset=\"https:\/\/breakdancelibrary.com\/hotel\/wp-content\/uploads\/sites\/34\/2024\/06\/wedding-collection-img5.png 700w, https:\/\/breakdancelibrary.com\/hotel\/wp-content\/uploads\/sites\/34\/2024\/06\/wedding-collection-img5-251x300.png 251w\" sizes=\"auto, (max-width: 700px) 100vw, 700px\" loading=\"lazy\" alt=\"\" title=\"\">\n          \n                  <\/figure>\n      <\/a>\n\n      \n  <\/div>\n\n\n\n<\/div><a class=\"bde-container-link-22-226 bde-container-link breakdance-link\" href=\"https:\/\/bjarkagard.se\/en\/contact\/\" target=\"_self\" data-type=\"url\">\n  \n  \n\t\n\n\n\n<div class=\"bde-text-22-227 bde-text\">\nContact us at\n<\/div><div class=\"bde-icon-22-228 bde-icon\">\n\n    \n            <div class=\"bde-icon-icon breakdance-icon-atom\" >\n    \n                    <svg xmlns=\"http:\/\/www.w3.org\/2000\/svg\" width=\"63\" height=\"16\" viewbox=\"0 0 63 16\" fill=\"none\">\n<path opacity=\"0.88\" d=\"M62.7071 8.70711C63.0976 8.31658 63.0976 7.68342 62.7071 7.29289L56.3431 0.928932C55.9526 0.538408 55.3195 0.538408 54.9289 0.928932C54.5384 1.31946 54.5384 1.95262 54.9289 2.34315L60.5858 8L54.9289 13.6569C54.5384 14.0474 54.5384 14.6805 54.9289 15.0711C55.3195 15.4616 55.9526 15.4616 56.3431 15.0711L62.7071 8.70711ZM0 9H62V7H0V9Z\" fill=\"#384140\"\/>\n<\/svg>\n        \n        \n        \n            <\/div>\n    \n\n\n<\/div>\n\n<\/a><\/div>\n<\/section>","protected":false},"excerpt":{"rendered":"<p>Br\u00f6llop scroll down plats f\u00f6r br\u00f6llop och fest Fest mitt i det gr\u00f6na Vi har faciliteterna f\u00f6r stora fester och br\u00f6llop, b\u00e5de ute och inne. Fr\u00e5n 2026 \u00e4r det m\u00f6jligt att boka &#8211; h\u00f6r g\u00e4rna av dig om du \u00e4r nyfiken. bildgalleri H\u00e4r kommer snart bilder som visar m\u00f6jligheterna &#8221; data-category=&#8221;1&#8243; data-lg-size=&#8221;700-838&#8243; > &#8221; data-category=&#8221;1&#8243; [&hellip;]<\/p>\n","protected":false},"author":1,"featured_media":0,"parent":0,"menu_order":0,"comment_status":"closed","ping_status":"closed","template":"","meta":{"_acf_changed":false,"footnotes":""},"class_list":["post-22","page","type-page","status-publish","hentry"],"acf":[],"_links":{"self":[{"href":"https:\/\/bjarkagard.se\/en\/wp-json\/wp\/v2\/pages\/22","targetHints":{"allow":["GET"]}}],"collection":[{"href":"https:\/\/bjarkagard.se\/en\/wp-json\/wp\/v2\/pages"}],"about":[{"href":"https:\/\/bjarkagard.se\/en\/wp-json\/wp\/v2\/types\/page"}],"author":[{"embeddable":true,"href":"https:\/\/bjarkagard.se\/en\/wp-json\/wp\/v2\/users\/1"}],"replies":[{"embeddable":true,"href":"https:\/\/bjarkagard.se\/en\/wp-json\/wp\/v2\/comments?post=22"}],"version-history":[{"count":0,"href":"https:\/\/bjarkagard.se\/en\/wp-json\/wp\/v2\/pages\/22\/revisions"}],"wp:attachment":[{"href":"https:\/\/bjarkagard.se\/en\/wp-json\/wp\/v2\/media?parent=22"}],"curies":[{"name":"wp","href":"https:\/\/api.w.org\/{rel}","templated":true}]}}