{"id":23,"date":"2025-06-07T19:12:19","date_gmt":"2025-06-07T17:12:19","guid":{"rendered":"https:\/\/bjarkagard.se\/luxury-rooms\/"},"modified":"2025-06-19T18:19:05","modified_gmt":"2025-06-19T16:19:05","slug":"layer-units","status":"publish","type":"page","link":"https:\/\/bjarkagard.se\/en\/lagenheter\/","title":{"rendered":"Apartments"},"content":{"rendered":"<style>.breakdance .bde-section-23-213{background-image:url(https:\/\/bjarkagard.se\/wp-content\/uploads\/2025\/06\/Bjarkagard-pa-Osterlen-vardagsrummet-1024x731.jpg);background-size:cover;background-repeat:no-repeat;background-position:center center}.breakdance .bde-section-23-213>.section-background-overlay{background-color:var(--bde-palette-color-1-672e4e9d-3e19-4b83-83a1-c3c7b9f8c47b);transition:background-color var(--bde-transition-duration) ease-in-out}.breakdance .bde-section-23-213>.section-background-overlay{opacity:0.2}<\/style><section class=\"bde-section-23-213 bde-section\">\n              \n  \n  \n\t\n\n  <div class=\"section-background-overlay\"><\/div>\n\n\n<div class=\"section-container\"><div class=\"bde-text-23-214 bde-text\">\nStay cosy at Bjarkag\u00e5rd\n<\/div><h1 class=\"bde-heading-23-215 bde-heading\">\nApartments\n<\/h1><div class=\"bde-div-23-216 bde-div\">\n  \n  \n\t\n\n\n\n<div class=\"bde-text-23-217 bde-text\">\nscroll for more\n<\/div><div class=\"bde-image-23-218 bde-image\">\n<figure class=\"breakdance-image breakdance-image--49\">\n\t<div class=\"breakdance-image-container\">\n\t\t<div class=\"breakdance-image-clip\"><img loading=\"lazy\" decoding=\"async\" class=\"breakdance-image-object\" src=\"https:\/\/breakdancelibrary.com\/hotel\/wp-content\/uploads\/sites\/34\/2023\/02\/arrow-down-black-white.png\" width=\"7\" height=\"61\" sizes=\"auto, (max-width: 7px) 100vw, 7px\" alt=\"\" title=\"\"><\/div>\n\t<\/div><\/figure>\n\n<\/div>\n<\/div><\/div>\n<\/section><section class=\"bde-section-23-219 bde-section\">\n  \n  \n\t\n\n\n\n<div class=\"section-container\"><div class=\"bde-text-23-221 bde-text\">\nAt Bjarkag\u00e5rd, which is a four-long farm, we have two apartments for rent; our bright and smaller apartment Atelj\u00e9n of 90 sqm, and the large two-family apartment L\u00f6nnen of 180 sqm.\n<\/div><div class=\"bde-post-loop-23-220 bde-post-loop\"><div class=\"bde-loop bde-loop-grid ee-posts ee-posts-grid\">    <section class=\"bde-loop-item ee-post\">\n        <a class=\"bde-container-link-149-100-229-149-1 bde-container-link bde-container-link-149-100 breakdance-link\" href=\"https:\/\/bjarkagard.se\/en\/lagenhet\/lonnen\/\" target=\"_self\" data-type=\"url\">\n  \n  \n\t\n\n\n\n<style>.breakdance .bde-div-149-101-229-149-1{background-image:url(https:\/\/bjarkagard.se\/wp-content\/uploads\/2025\/06\/Bjarkagard-pa-Osterlen-vardagsrummet-1024x731.jpg);background-size:cover;background-repeat:no-repeat;background-position:center center}.breakdance .bde-div-149-101-229-149-1>*{z-index:1}.breakdance .bde-div-149-101-229-149-1>.section-background-overlay{z-index:0}.breakdance .bde-div-149-101-229-149-1>.section-background-overlay{background:linear-gradient(0deg,rgba(0,0,0,1) 25.128205128205128%,rgba(255,255,255,1) 100%)}.breakdance .bde-div-149-101-229-149-1>.section-background-overlay{background-color:#000;transition:background-color var(--bde-transition-duration) ease-in-out}.breakdance .bde-div-149-101-229-149-1{overflow:hidden}.breakdance .bde-div-149-101-229-149-1>.section-background-overlay{opacity:0.3}@media (max-width:1119px){.breakdance .bde-div-149-101-229-149-1{overflow:hidden}}@media (max-width:1023px){.breakdance .bde-div-149-101-229-149-1{overflow:hidden}}@media (max-width:767px){.breakdance .bde-div-149-101-229-149-1{overflow:hidden}}@media (max-width:479px){.breakdance .bde-div-149-101-229-149-1{overflow:hidden}}<\/style><div class=\"bde-div-149-101-229-149-1 bde-div bde-div-149-101\">\n              \n  \n  \n\t\n\n  <div class=\"section-background-overlay\"><\/div>\n\n\n<div class=\"bde-div-149-102-229-149-1 bde-div bde-div-149-102\">\n  \n  \n\t\n\n\n\n<h3 class=\"bde-heading-149-103-229-149-1 bde-heading event_list_archive_header bde-heading-149-103\">maple syrup<\/h3>\n<\/div>\n<\/div>\n\n<\/a>    <\/section>\n    <section class=\"bde-loop-item ee-post\">\n        <a class=\"bde-container-link-149-100-226-149-1 bde-container-link bde-container-link-149-100 breakdance-link\" href=\"https:\/\/bjarkagard.se\/en\/lagenhet\/ateljen\/\" target=\"_self\" data-type=\"url\">\n  \n  \n\t\n\n\n\n<style>.breakdance .bde-div-149-101-226-149-1{background-image:url(https:\/\/bjarkagard.se\/wp-content\/uploads\/2025\/06\/Bjarkagard-pa-Osterlen-ateljen-1024x732.jpg);background-size:cover;background-repeat:no-repeat;background-position:center center}.breakdance .bde-div-149-101-226-149-1>*{z-index:1}.breakdance .bde-div-149-101-226-149-1>.section-background-overlay{z-index:0}.breakdance .bde-div-149-101-226-149-1>.section-background-overlay{background:linear-gradient(0deg,rgba(0,0,0,1) 25.128205128205128%,rgba(255,255,255,1) 100%)}.breakdance .bde-div-149-101-226-149-1>.section-background-overlay{background-color:#000;transition:background-color var(--bde-transition-duration) ease-in-out}.breakdance .bde-div-149-101-226-149-1{overflow:hidden}.breakdance .bde-div-149-101-226-149-1>.section-background-overlay{opacity:0.3}@media (max-width:1119px){.breakdance .bde-div-149-101-226-149-1{overflow:hidden}}@media (max-width:1023px){.breakdance .bde-div-149-101-226-149-1{overflow:hidden}}@media (max-width:767px){.breakdance .bde-div-149-101-226-149-1{overflow:hidden}}@media (max-width:479px){.breakdance .bde-div-149-101-226-149-1{overflow:hidden}}<\/style><div class=\"bde-div-149-101-226-149-1 bde-div bde-div-149-101\">\n              \n  \n  \n\t\n\n  <div class=\"section-background-overlay\"><\/div>\n\n\n<div class=\"bde-div-149-102-226-149-1 bde-div bde-div-149-102\">\n  \n  \n\t\n\n\n\n<h3 class=\"bde-heading-149-103-226-149-1 bde-heading event_list_archive_header bde-heading-149-103\">The studio<\/h3>\n<\/div>\n<\/div>\n\n<\/a>    <\/section>\n<\/div>\r\n<\/div><\/div>\n<\/section>","protected":false},"excerpt":{"rendered":"<p>Live comfortably at Bjarkag\u00e5rd Apartments scroll for more At Bjarkag\u00e5rd, which is a four-length farm, we have two apartments for rent; our bright and smaller apartment Atelj\u00e9n of 90 sqm, and the large two-family apartment L\u00f6nnen of 180 sqm. L\u00f6nnen Atelj\u00e9n<\/p>","protected":false},"author":1,"featured_media":53,"parent":0,"menu_order":0,"comment_status":"closed","ping_status":"closed","template":"","meta":{"_acf_changed":false,"footnotes":""},"class_list":["post-23","page","type-page","status-publish","has-post-thumbnail","hentry"],"acf":[],"_links":{"self":[{"href":"https:\/\/bjarkagard.se\/en\/wp-json\/wp\/v2\/pages\/23","targetHints":{"allow":["GET"]}}],"collection":[{"href":"https:\/\/bjarkagard.se\/en\/wp-json\/wp\/v2\/pages"}],"about":[{"href":"https:\/\/bjarkagard.se\/en\/wp-json\/wp\/v2\/types\/page"}],"author":[{"embeddable":true,"href":"https:\/\/bjarkagard.se\/en\/wp-json\/wp\/v2\/users\/1"}],"replies":[{"embeddable":true,"href":"https:\/\/bjarkagard.se\/en\/wp-json\/wp\/v2\/comments?post=23"}],"version-history":[{"count":0,"href":"https:\/\/bjarkagard.se\/en\/wp-json\/wp\/v2\/pages\/23\/revisions"}],"wp:featuredmedia":[{"embeddable":true,"href":"https:\/\/bjarkagard.se\/en\/wp-json\/wp\/v2\/media\/53"}],"wp:attachment":[{"href":"https:\/\/bjarkagard.se\/en\/wp-json\/wp\/v2\/media?parent=23"}],"curies":[{"name":"wp","href":"https:\/\/api.w.org\/{rel}","templated":true}]}}