{"id":24,"date":"2025-06-07T19:12:19","date_gmt":"2025-06-07T17:12:19","guid":{"rendered":"https:\/\/bjarkagard.se\/our-story\/"},"modified":"2025-12-04T11:28:29","modified_gmt":"2025-12-04T10:28:29","slug":"about-us","status":"publish","type":"page","link":"https:\/\/bjarkagard.se\/en\/om-oss\/","title":{"rendered":"About us"},"content":{"rendered":"<section class=\"bde-section-24-100 bde-section\">\n              \n  \n  \n\t\n\n  <div class=\"section-background-overlay\"><\/div>\n\n\n<div class=\"section-container\"><h1 class=\"bde-heading-24-101 bde-heading\">\nAbout us at Bjarkag\u00e5rd\n<\/h1><div class=\"bde-div-24-103 bde-div\">\n  \n  \n\t\n\n\n\n<div class=\"bde-text-24-104 bde-text\">\nscroll down\n<\/div><div class=\"bde-image-24-105 bde-image\">\n<figure class=\"breakdance-image breakdance-image--49\">\n\t<div class=\"breakdance-image-container\">\n\t\t<div class=\"breakdance-image-clip\"><img loading=\"lazy\" decoding=\"async\" class=\"breakdance-image-object\" src=\"https:\/\/breakdancelibrary.com\/hotel\/wp-content\/uploads\/sites\/34\/2023\/02\/arrow-down-black-white.png\" width=\"7\" height=\"61\" sizes=\"auto, (max-width: 7px) 100vw, 7px\" alt=\"\" title=\"\"><\/div>\n\t<\/div><\/figure>\n\n<\/div>\n<\/div><\/div>\n<\/section><section class=\"bde-section-24-106 bde-section\">\n  \n  \n\t\n\n\n\n<div class=\"section-container\"><div class=\"bde-columns-24-109 bde-columns\"><div class=\"bde-column-24-110 bde-column\">\n  \n  \n\t\n\n\n\n<div class=\"bde-text-24-111 bde-text\">\nOur story\n<\/div><h2 class=\"bde-heading-24-112 bde-heading\">\nMore about Bjarkag\u00e5rd\n<\/h2><div class=\"bde-rich-text-24-157 bde-rich-text breakdance-rich-text-styles\">\n<p>Welcome to Bjarkag\u00e5rd in \u00d6sterlen! Located between the forest and the fields in Br\u00f6sarp's northern slopes, in the middle of the magical nature of Linder\u00f6ds\u00e5sen.<\/p><p>We moved here in the spring of 2023 and took over what was previously \u00d6sterlens glashytta. Our vision is to create a place where people can be close to nature, be inspired and breathe.<\/p><p>You can book the hut or orangery for events, or come and participate in a range of activities in creativity, movement, sustainability and community. There is a large and a small apartment, a tiny house, two glamping tents and a forest full of places and life.<\/p><p>5 kilometres to Br\u00f6sarp, with bus station, supermarket, pharmacy and <a href=\"https:\/\/www.gastis.se\/\" rel=\"nofollow noopener\" target=\"_blank\">guest house and SPA<\/a>. 12 kilometres from the beach and just 1 kilometre from <a href=\"https:\/\/www.facebook.com\/Hallon.N.Bjorstorp\/\" rel=\"nofollow noopener\" target=\"_blank\">raspberry and strawberry cultivation<\/a> or glorious <a href=\"https:\/\/angelikasgard.se\/\" target=\"_blank\" rel=\"noopener nofollow\">Angelika's farm<\/a>. You can hike the Sk\u00e5neleden trail or other tours, or cycle on the slopes.<\/p><p>We are happy to provide tips!<\/p>\n<\/div>\n<\/div><div class=\"bde-column-24-117 bde-column\">\n  \n  \n\t\n\n\n\n<div class=\"bde-image-24-118 bde-image\">\n<figure class=\"breakdance-image breakdance-image--66\">\n\t<div class=\"breakdance-image-container\">\n\t\t<div class=\"breakdance-image-clip\"><img loading=\"lazy\" decoding=\"async\" class=\"breakdance-image-object\" src=\"https:\/\/bjarkagard.se\/wp-content\/uploads\/2025\/06\/Bjarkagard-pa-Osterlen-tiny-house-koket-768x1076.jpg\" width=\"768\" height=\"1076\" srcset=\"https:\/\/bjarkagard.se\/wp-content\/uploads\/2025\/06\/Bjarkagard-pa-Osterlen-tiny-house-koket-768x1076.jpg 768w, https:\/\/bjarkagard.se\/wp-content\/uploads\/2025\/06\/Bjarkagard-pa-Osterlen-tiny-house-koket-214x300.jpg 214w, https:\/\/bjarkagard.se\/wp-content\/uploads\/2025\/06\/Bjarkagard-pa-Osterlen-tiny-house-koket-731x1024.jpg 731w, https:\/\/bjarkagard.se\/wp-content\/uploads\/2025\/06\/Bjarkagard-pa-Osterlen-tiny-house-koket-1097x1536.jpg 1097w\" sizes=\"auto, (max-width: 768px) 100vw, 768px\" alt=\"\" title=\"\"><\/div>\n\t<\/div><\/figure>\n\n<\/div>\n<\/div><\/div><\/div>\n<\/section><section class=\"bde-section-24-120 bde-section\">\n  \n  \n\t\n\n\n\n<div class=\"section-container\"><div class=\"bde-video-24-121 bde-video\">\n<div class=\"ee-video-container\">\n    \n    <\/div>\n\n<\/div><\/div>\n<\/section><section class=\"bde-section-24-122 bde-section\">\n  \n  \n\t\n\n\n\n<div class=\"section-container\"><div class=\"bde-div-24-123 bde-div\">\n  \n  \n\t\n\n\n\n<div class=\"bde-text-24-124 bde-text\">\nThe staff at Bjarkag\u00e5rd\n<\/div><h2 class=\"bde-heading-24-125 bde-heading\">\nMeet our team\n<\/h2>\n<\/div><div class=\"bde-div-24-126 bde-div\">\n  \n  \n\t\n\n\n\n<div class=\"bde-div-24-127 bde-div\">\n  \n  \n\t\n\n\n\n<div class=\"bde-image-24-128 bde-image\">\n<figure class=\"breakdance-image breakdance-image--91\">\n\t<div class=\"breakdance-image-container\">\n\t\t<div class=\"breakdance-image-clip\"><img loading=\"lazy\" decoding=\"async\" class=\"breakdance-image-object\" src=\"https:\/\/bjarkagard.se\/wp-content\/uploads\/2025\/06\/jerk.jpg\" width=\"857\" height=\"1200\" srcset=\"https:\/\/bjarkagard.se\/wp-content\/uploads\/2025\/06\/jerk.jpg 857w, https:\/\/bjarkagard.se\/wp-content\/uploads\/2025\/06\/jerk-214x300.jpg 214w, https:\/\/bjarkagard.se\/wp-content\/uploads\/2025\/06\/jerk-731x1024.jpg 731w, https:\/\/bjarkagard.se\/wp-content\/uploads\/2025\/06\/jerk-768x1075.jpg 768w\" sizes=\"auto, (max-width: 857px) 100vw, 857px\" alt=\"Jerk at Bjarkag\u00e5rd\" title=\"\"><\/div>\n\t<\/div><\/figure>\n\n<\/div><h3 class=\"bde-heading-24-129 bde-heading\">\nJerk\n<\/h3><div class=\"bde-text-24-130 bde-text\">\nPartners | Fire watch<br>\n<\/div>\n<\/div><div class=\"bde-div-24-131 bde-div\">\n  \n  \n\t\n\n\n\n<div class=\"bde-image-24-132 bde-image\">\n<figure class=\"breakdance-image breakdance-image--92\">\n\t<div class=\"breakdance-image-container\">\n\t\t<div class=\"breakdance-image-clip\"><img loading=\"lazy\" decoding=\"async\" class=\"breakdance-image-object\" src=\"https:\/\/bjarkagard.se\/wp-content\/uploads\/2025\/06\/shani.jpg\" width=\"857\" height=\"1200\" srcset=\"https:\/\/bjarkagard.se\/wp-content\/uploads\/2025\/06\/shani.jpg 857w, https:\/\/bjarkagard.se\/wp-content\/uploads\/2025\/06\/shani-214x300.jpg 214w, https:\/\/bjarkagard.se\/wp-content\/uploads\/2025\/06\/shani-731x1024.jpg 731w, https:\/\/bjarkagard.se\/wp-content\/uploads\/2025\/06\/shani-768x1075.jpg 768w\" sizes=\"auto, (max-width: 857px) 100vw, 857px\" alt=\"Shani at Bjarka Farm\" title=\"\"><\/div>\n\t<\/div><\/figure>\n\n<\/div><h3 class=\"bde-heading-24-133 bde-heading\">\nShani\n<\/h3><div class=\"bde-text-24-134 bde-text\">\nPartners | Body therapist\n<\/div>\n<\/div><div class=\"bde-div-24-153 bde-div\">\n  \n  \n\t\n\n\n\n<div class=\"bde-image-24-154 bde-image\">\n<figure class=\"breakdance-image breakdance-image--101\">\n\t<div class=\"breakdance-image-container\">\n\t\t<div class=\"breakdance-image-clip\"><img loading=\"lazy\" decoding=\"async\" class=\"breakdance-image-object\" src=\"https:\/\/bjarkagard.se\/wp-content\/uploads\/2025\/06\/ylva.jpg\" width=\"858\" height=\"1200\" srcset=\"https:\/\/bjarkagard.se\/wp-content\/uploads\/2025\/06\/ylva.jpg 858w, https:\/\/bjarkagard.se\/wp-content\/uploads\/2025\/06\/ylva-215x300.jpg 215w, https:\/\/bjarkagard.se\/wp-content\/uploads\/2025\/06\/ylva-732x1024.jpg 732w, https:\/\/bjarkagard.se\/wp-content\/uploads\/2025\/06\/ylva-768x1074.jpg 768w\" sizes=\"auto, (max-width: 858px) 100vw, 858px\" alt=\"ylva\" title=\"\"><\/div>\n\t<\/div><\/figure>\n\n<\/div><h3 class=\"bde-heading-24-155 bde-heading\">\nYlva\n<\/h3><div class=\"bde-text-24-156 bde-text\">\nCo-operating partners<br>\n<\/div>\n<\/div>\n<\/div><\/div>\n<\/section>","protected":false},"excerpt":{"rendered":"<p>Om oss p\u00e5 Bjarkag\u00e5rd scrolla ner V\u00e5r ber\u00e4ttelse Lite mer om Bjarkag\u00e5rd V\u00e4lkommen till Bjarkag\u00e5rd p\u00e5 \u00d6sterlen! Bel\u00e4gen mellan skogen och f\u00e4lten i Br\u00f6sarps norra backar, mitt i Linder\u00f6ds\u00e5sens magiska natur.Vi flyttade hit v\u00e5ren 2023 och \u00f6vertog det som tidigare var \u00d6sterlens glashytta. V\u00e5r vision \u00e4r att skapa en plats d\u00e4r m\u00e4nniskor kan vara n\u00e4ra [&hellip;]<\/p>\n","protected":false},"author":1,"featured_media":0,"parent":0,"menu_order":0,"comment_status":"closed","ping_status":"closed","template":"","meta":{"_acf_changed":false,"footnotes":""},"class_list":["post-24","page","type-page","status-publish","hentry"],"acf":[],"_links":{"self":[{"href":"https:\/\/bjarkagard.se\/en\/wp-json\/wp\/v2\/pages\/24","targetHints":{"allow":["GET"]}}],"collection":[{"href":"https:\/\/bjarkagard.se\/en\/wp-json\/wp\/v2\/pages"}],"about":[{"href":"https:\/\/bjarkagard.se\/en\/wp-json\/wp\/v2\/types\/page"}],"author":[{"embeddable":true,"href":"https:\/\/bjarkagard.se\/en\/wp-json\/wp\/v2\/users\/1"}],"replies":[{"embeddable":true,"href":"https:\/\/bjarkagard.se\/en\/wp-json\/wp\/v2\/comments?post=24"}],"version-history":[{"count":0,"href":"https:\/\/bjarkagard.se\/en\/wp-json\/wp\/v2\/pages\/24\/revisions"}],"wp:attachment":[{"href":"https:\/\/bjarkagard.se\/en\/wp-json\/wp\/v2\/media?parent=24"}],"curies":[{"name":"wp","href":"https:\/\/api.w.org\/{rel}","templated":true}]}}