{"id":25,"date":"2025-06-07T19:12:20","date_gmt":"2025-06-07T17:12:20","guid":{"rendered":"https:\/\/bjarkagard.se\/home\/"},"modified":"2025-11-15T12:18:42","modified_gmt":"2025-11-15T11:18:42","slug":"home","status":"publish","type":"page","link":"https:\/\/bjarkagard.se\/en\/","title":{"rendered":"Bjarkag\u00e5rd - Glamping in \u00d6sterlen"},"content":{"rendered":"<style>.breakdance .bde-section-25-100{background-image:url(https:\/\/bjarkagard.se\/wp-content\/uploads\/2025\/06\/Bjarkagard-pa-Osterlen-solplatten-glamping-taltet-1024x732.jpg);background-size:cover;background-repeat:no-repeat;background-position:center center}.breakdance .bde-section-25-100>.section-background-overlay{background-color:var(--bde-palette-color-1-672e4e9d-3e19-4b83-83a1-c3c7b9f8c47b);transition:background-color var(--bde-transition-duration) ease-in-out}.breakdance .bde-section-25-100>.section-background-overlay{opacity:0.2}<\/style><section class=\"bde-section-25-100 bde-section\">\n              \n  \n  \n\t\n\n  <div class=\"section-background-overlay\"><\/div>\n\n\n<div class=\"section-container\"><div class=\"bde-text-25-102 bde-text\">\nGet close to yourself and nature\n<\/div><h1 class=\"bde-heading-25-101 bde-heading\">\nWelcome to Bjarkag\u00e5rd\n<\/h1><div class=\"bde-div-25-105 bde-div\">\n  \n  \n\t\n\n\n\n<div class=\"bde-text-25-106 bde-text\">\nscroll for more\n<\/div><div class=\"bde-image-25-107 bde-image\">\n<figure class=\"breakdance-image breakdance-image--49\">\n\t<div class=\"breakdance-image-container\">\n\t\t<div class=\"breakdance-image-clip\"><img loading=\"lazy\" decoding=\"async\" class=\"breakdance-image-object\" src=\"https:\/\/breakdancelibrary.com\/hotel\/wp-content\/uploads\/sites\/34\/2023\/02\/arrow-down-black-white.png\" width=\"7\" height=\"61\" sizes=\"auto, (max-width: 7px) 100vw, 7px\" alt=\"\" title=\"\"><\/div>\n\t<\/div><\/figure>\n\n<\/div>\n<\/div><\/div>\n<\/section><section class=\"bde-section-25-103 bde-section\">\n  \n  \n\t\n\n\n\n<div class=\"section-container\"><div class=\"bde-div-25-110 bde-div\">\n  \n  \n\t\n\n\n\n<div class=\"bde-text-25-108 bde-text\">\nStay in glamping, tiny house or apartment\n<\/div><h2 class=\"bde-heading-25-109 bde-heading\">\nUnique accommodation in \u00d6sterlen\n<\/h2>\n<\/div><div class=\"bde-div-25-111 bde-div\">\n  \n  \n\t\n\n\n\n<div class=\"bde-div-25-112 bde-div\">\n  \n  \n\t\n\n\n\n<div class=\"bde-image-25-113 bde-image\">\n<figure class=\"breakdance-image breakdance-image--105\">\n\t<div class=\"breakdance-image-container\">\n\t\t<div class=\"breakdance-image-clip\"><img loading=\"lazy\" decoding=\"async\" class=\"breakdance-image-object\" src=\"https:\/\/bjarkagard.se\/wp-content\/uploads\/2025\/06\/Bjarkagard-pa-Osterlen-orangeri-sittplats-768x1076.jpg\" width=\"768\" height=\"1076\" srcset=\"https:\/\/bjarkagard.se\/wp-content\/uploads\/2025\/06\/Bjarkagard-pa-Osterlen-orangeri-sittplats.jpg 1371w, https:\/\/bjarkagard.se\/wp-content\/uploads\/2025\/06\/Bjarkagard-pa-Osterlen-orangeri-sittplats-214x300.jpg 214w, https:\/\/bjarkagard.se\/wp-content\/uploads\/2025\/06\/Bjarkagard-pa-Osterlen-orangeri-sittplats-731x1024.jpg 731w, https:\/\/bjarkagard.se\/wp-content\/uploads\/2025\/06\/Bjarkagard-pa-Osterlen-orangeri-sittplats-768x1076.jpg 768w, https:\/\/bjarkagard.se\/wp-content\/uploads\/2025\/06\/Bjarkagard-pa-Osterlen-orangeri-sittplats-1097x1536.jpg 1097w\" sizes=\"auto, (max-width: 1371px) 100vw, 1371px\" alt=\"Bjarkag\u00e5rd on \u00d6sterlen orangery seating area\" title=\"\"><\/div>\n\t<\/div><\/figure>\n\n<\/div><h3 class=\"bde-heading-25-114 bde-heading\">\nWake up to birdsong\n<\/h3><div class=\"bde-text-25-115 bde-text\">\n    \n<\/div>\n<\/div><div class=\"bde-div-25-116 bde-div\">\n  \n  \n\t\n\n\n\n<div class=\"bde-image-25-117 bde-image\">\n<figure class=\"breakdance-image breakdance-image--69\">\n\t<div class=\"breakdance-image-container\">\n\t\t<div class=\"breakdance-image-clip\"><img loading=\"lazy\" decoding=\"async\" class=\"breakdance-image-object\" src=\"https:\/\/bjarkagard.se\/wp-content\/uploads\/2025\/06\/Bjarkagard-pa-Osterlen-sang-fonster-matplats-tiny-house-768x549.jpg\" width=\"768\" height=\"549\" srcset=\"https:\/\/bjarkagard.se\/wp-content\/uploads\/2025\/06\/Bjarkagard-pa-Osterlen-sang-fonster-matplats-tiny-house.jpg 1920w, https:\/\/bjarkagard.se\/wp-content\/uploads\/2025\/06\/Bjarkagard-pa-Osterlen-sang-fonster-matplats-tiny-house-300x214.jpg 300w, https:\/\/bjarkagard.se\/wp-content\/uploads\/2025\/06\/Bjarkagard-pa-Osterlen-sang-fonster-matplats-tiny-house-1024x732.jpg 1024w, https:\/\/bjarkagard.se\/wp-content\/uploads\/2025\/06\/Bjarkagard-pa-Osterlen-sang-fonster-matplats-tiny-house-768x549.jpg 768w, https:\/\/bjarkagard.se\/wp-content\/uploads\/2025\/06\/Bjarkagard-pa-Osterlen-sang-fonster-matplats-tiny-house-1536x1098.jpg 1536w\" sizes=\"auto, (max-width: 1920px) 100vw, 1920px\" alt=\"Bjarkag\u00e5rd on \u00d6sterlen bed window dining area tiny house\" title=\"\"><\/div>\n\t<\/div><\/figure>\n\n<\/div><h3 class=\"bde-heading-25-118 bde-heading\">\nEnjoy the silence\n<\/h3><div class=\"bde-text-25-119 bde-text\">\n    \n<\/div>\n<\/div><div class=\"bde-div-25-120 bde-div\">\n  \n  \n\t\n\n\n\n<div class=\"bde-image-25-121 bde-image\">\n<figure class=\"breakdance-image breakdance-image--60\">\n\t<div class=\"breakdance-image-container\">\n\t\t<div class=\"breakdance-image-clip\"><a class=\"breakdance-image-link breakdance-image-link--url\" href=\"https:\/\/bjarkagard.se\/en\/glamping\/\" target=\"_self\" rel=\"noopener\" data-sub-html=\"\" data-lg-size=\"-\"><img loading=\"lazy\" decoding=\"async\" class=\"breakdance-image-object\" src=\"https:\/\/bjarkagard.se\/wp-content\/uploads\/2025\/06\/Bjarkagard-pa-Osterlen-inuti-glampingtalt-marrakech.jpg\" width=\"1920\" height=\"1371\" srcset=\"https:\/\/bjarkagard.se\/wp-content\/uploads\/2025\/06\/Bjarkagard-pa-Osterlen-inuti-glampingtalt-marrakech.jpg 1920w, https:\/\/bjarkagard.se\/wp-content\/uploads\/2025\/06\/Bjarkagard-pa-Osterlen-inuti-glampingtalt-marrakech-300x214.jpg 300w, https:\/\/bjarkagard.se\/wp-content\/uploads\/2025\/06\/Bjarkagard-pa-Osterlen-inuti-glampingtalt-marrakech-1024x731.jpg 1024w, https:\/\/bjarkagard.se\/wp-content\/uploads\/2025\/06\/Bjarkagard-pa-Osterlen-inuti-glampingtalt-marrakech-768x548.jpg 768w, https:\/\/bjarkagard.se\/wp-content\/uploads\/2025\/06\/Bjarkagard-pa-Osterlen-inuti-glampingtalt-marrakech-1536x1097.jpg 1536w\" sizes=\"auto, (max-width: 1920px) 100vw, 1920px\" alt=\"Bjarka farm in \u00d6sterlen inside glamping tent marrakech\" title=\"\"><\/a><\/div>\n\t<\/div><\/figure>\n\n<\/div><h3 class=\"bde-heading-25-122 bde-heading\">\nGlamping with convenience\n<\/h3><div class=\"bde-text-25-123 bde-text\">\n   \n<\/div>\n<\/div>\n<\/div><\/div>\n<\/section><section class=\"bde-section-25-202 bde-section\">\n  \n  \n\t\n\n\n\n<div class=\"section-container\"><h2 class=\"bde-heading-25-104 bde-heading\">\nRelax, breathe, recharge in nature.\n<\/h2><\/div>\n<\/section><section class=\"bde-section-25-204 bde-section\">\n  \n  \n\t\n\n\n\n<div class=\"section-container\"><div class=\"bde-div-25-135 bde-div\">\n  \n  \n\t\n\n\n\n<div class=\"bde-text-25-136 bde-text\">\nEnjoy the best glamping in Sk\u00e5ne\n<\/div><h2 class=\"bde-heading-25-137 bde-heading\">\nSpecial facilities at Bjarkag\u00e5rden\n<\/h2>\n<\/div><div class=\"bde-div-25-138 bde-div\">\n  \n  \n\t\n\n\n\n<div class=\"bde-div-25-139 bde-div\">\n  \n  \n\t\n\n\n\n<div class=\"bde-image-25-140 bde-image\">\n<figure class=\"breakdance-image breakdance-image--60\">\n\t<div class=\"breakdance-image-container\">\n\t\t<div class=\"breakdance-image-clip\"><a class=\"breakdance-image-link breakdance-image-link--url\" href=\"https:\/\/bjarkagard.se\/en\/glamping\/\" target=\"_self\" rel=\"noopener\" data-sub-html=\"\" data-lg-size=\"-\"><img loading=\"lazy\" decoding=\"async\" class=\"breakdance-image-object\" src=\"https:\/\/bjarkagard.se\/wp-content\/uploads\/2025\/06\/Bjarkagard-pa-Osterlen-inuti-glampingtalt-marrakech-768x548.jpg\" width=\"768\" height=\"548\" srcset=\"https:\/\/bjarkagard.se\/wp-content\/uploads\/2025\/06\/Bjarkagard-pa-Osterlen-inuti-glampingtalt-marrakech.jpg 1920w, https:\/\/bjarkagard.se\/wp-content\/uploads\/2025\/06\/Bjarkagard-pa-Osterlen-inuti-glampingtalt-marrakech-300x214.jpg 300w, https:\/\/bjarkagard.se\/wp-content\/uploads\/2025\/06\/Bjarkagard-pa-Osterlen-inuti-glampingtalt-marrakech-1024x731.jpg 1024w, https:\/\/bjarkagard.se\/wp-content\/uploads\/2025\/06\/Bjarkagard-pa-Osterlen-inuti-glampingtalt-marrakech-768x548.jpg 768w, https:\/\/bjarkagard.se\/wp-content\/uploads\/2025\/06\/Bjarkagard-pa-Osterlen-inuti-glampingtalt-marrakech-1536x1097.jpg 1536w\" sizes=\"auto, (max-width: 1920px) 100vw, 1920px\" alt=\"Bjarka farm in \u00d6sterlen inside glamping tent marrakech\" title=\"\"><\/a><\/div>\n\t<\/div><\/figure>\n\n<\/div><h3 class=\"bde-heading-25-141 bde-heading\">\nGlamping all inclusive\n<\/h3>\n<\/div><div class=\"bde-div-25-151 bde-div\">\n  \n  \n\t\n\n\n\n<div class=\"bde-image-25-152 bde-image\">\n<figure class=\"breakdance-image breakdance-image--92\">\n\t<div class=\"breakdance-image-container\">\n\t\t<div class=\"breakdance-image-clip\"><a class=\"breakdance-image-link breakdance-image-link--url\" href=\"https:\/\/bjarkagard.se\/en\/massage\/\" target=\"_self\" rel=\"noopener\" data-sub-html=\"\" data-lg-size=\"-\"><img loading=\"lazy\" decoding=\"async\" class=\"breakdance-image-object\" src=\"https:\/\/bjarkagard.se\/wp-content\/uploads\/2025\/06\/shani-768x1075.jpg\" width=\"768\" height=\"1075\" srcset=\"https:\/\/bjarkagard.se\/wp-content\/uploads\/2025\/06\/shani-768x1075.jpg 768w, https:\/\/bjarkagard.se\/wp-content\/uploads\/2025\/06\/shani-214x300.jpg 214w, https:\/\/bjarkagard.se\/wp-content\/uploads\/2025\/06\/shani-731x1024.jpg 731w\" sizes=\"auto, (max-width: 768px) 100vw, 768px\" alt=\"Shani at Bjarka Farm\" title=\"\"><\/a><\/div>\n\t<\/div><\/figure>\n\n<\/div><h3 class=\"bde-heading-25-153 bde-heading\">\nBook treatment\n<\/h3>\n<\/div><div class=\"bde-div-25-154 bde-div\">\n  \n  \n\t\n\n\n\n<div class=\"bde-image-25-155 bde-image\">\n<figure class=\"breakdance-image breakdance-image--53\">\n\t<div class=\"breakdance-image-container\">\n\t\t<div class=\"breakdance-image-clip\"><img loading=\"lazy\" decoding=\"async\" class=\"breakdance-image-object\" src=\"https:\/\/bjarkagard.se\/wp-content\/uploads\/2025\/06\/Bjarkagard-pa-Osterlen-vardagsrummet-768x548.jpg\" width=\"768\" height=\"548\" srcset=\"https:\/\/bjarkagard.se\/wp-content\/uploads\/2025\/06\/Bjarkagard-pa-Osterlen-vardagsrummet-768x548.jpg 768w, https:\/\/bjarkagard.se\/wp-content\/uploads\/2025\/06\/Bjarkagard-pa-Osterlen-vardagsrummet-300x214.jpg 300w, https:\/\/bjarkagard.se\/wp-content\/uploads\/2025\/06\/Bjarkagard-pa-Osterlen-vardagsrummet-1024x731.jpg 1024w, https:\/\/bjarkagard.se\/wp-content\/uploads\/2025\/06\/Bjarkagard-pa-Osterlen-vardagsrummet-1536x1097.jpg 1536w\" sizes=\"auto, (max-width: 768px) 100vw, 768px\" alt=\"Bjarkag\u00e5rd on \u00d6sterlen living room\" title=\"\"><\/div>\n\t<\/div><\/figure>\n\n<\/div><h3 class=\"bde-heading-25-156 bde-heading\">\nPlenty of space\n<\/h3>\n<\/div><div class=\"bde-div-25-157 bde-div\">\n  \n  \n\t\n\n\n\n<div class=\"bde-image-25-158 bde-image\">\n<figure class=\"breakdance-image breakdance-image--106\">\n\t<div class=\"breakdance-image-container\">\n\t\t<div class=\"breakdance-image-clip\"><a class=\"breakdance-image-link breakdance-image-link--url\" href=\"https:\/\/bjarkagard.se\/en\/moth-events\/\" target=\"_self\" rel=\"noopener\" data-sub-html=\"\" data-lg-size=\"-\"><img loading=\"lazy\" decoding=\"async\" class=\"breakdance-image-object\" src=\"https:\/\/bjarkagard.se\/wp-content\/uploads\/2025\/06\/Bjarkagard-pa-Osterlen-orangeri-loungen-768x548.jpg\" width=\"768\" height=\"548\" srcset=\"https:\/\/bjarkagard.se\/wp-content\/uploads\/2025\/06\/Bjarkagard-pa-Osterlen-orangeri-loungen-768x548.jpg 768w, https:\/\/bjarkagard.se\/wp-content\/uploads\/2025\/06\/Bjarkagard-pa-Osterlen-orangeri-loungen-300x214.jpg 300w, https:\/\/bjarkagard.se\/wp-content\/uploads\/2025\/06\/Bjarkagard-pa-Osterlen-orangeri-loungen-1024x731.jpg 1024w, https:\/\/bjarkagard.se\/wp-content\/uploads\/2025\/06\/Bjarkagard-pa-Osterlen-orangeri-loungen-1536x1097.jpg 1536w\" sizes=\"auto, (max-width: 768px) 100vw, 768px\" alt=\"Bjarkag\u00e5rd on \u00d6sterlen orangery lounge\" title=\"\"><\/a><\/div>\n\t<\/div><\/figure>\n\n<\/div><h3 class=\"bde-heading-25-159 bde-heading\">\nMeetings &amp; Events\n<\/h3>\n<\/div><div class=\"bde-div-25-160 bde-div\">\n  \n  \n\t\n\n\n\n<div class=\"bde-image-25-161 bde-image\">\n<figure class=\"breakdance-image breakdance-image--570\">\n\t<div class=\"breakdance-image-container\">\n\t\t<div class=\"breakdance-image-clip\"><a class=\"breakdance-image-link breakdance-image-link--url\" href=\"https:\/\/bjarkagard.se\/en\/brollop\/\" target=\"_self\" rel=\"noopener\" data-sub-html=\"\" data-lg-size=\"-\"><img loading=\"lazy\" decoding=\"async\" class=\"breakdance-image-object\" src=\"https:\/\/bjarkagard.se\/wp-content\/uploads\/2025\/06\/wedding-img-home.webp\" width=\"700\" height=\"534\" srcset=\"https:\/\/bjarkagard.se\/wp-content\/uploads\/2025\/06\/wedding-img-home.webp 700w, https:\/\/bjarkagard.se\/wp-content\/uploads\/2025\/06\/wedding-img-home-300x229.webp 300w\" sizes=\"auto, (max-width: 700px) 100vw, 700px\" alt=\"\" title=\"\"><\/a><\/div>\n\t<\/div><\/figure>\n\n<\/div><h3 class=\"bde-heading-25-162 bde-heading\">\nWeddings and parties\n<\/h3>\n<\/div><div class=\"bde-div-25-163 bde-div\">\n  \n  \n\t\n\n\n\n<div class=\"bde-image-25-164 bde-image\">\n<figure class=\"breakdance-image breakdance-image--54\">\n\t<div class=\"breakdance-image-container\">\n\t\t<div class=\"breakdance-image-clip\"><a class=\"breakdance-image-link breakdance-image-link--url\" href=\"https:\/\/bjarkagard.se\/en\/layer-units\/\" target=\"_self\" rel=\"noopener\" data-sub-html=\"\" data-lg-size=\"-\"><img loading=\"lazy\" decoding=\"async\" class=\"breakdance-image-object\" src=\"https:\/\/bjarkagard.se\/wp-content\/uploads\/2025\/06\/Bjarkagard-pa-Osterlen-ateljen-768x549.jpg\" width=\"768\" height=\"549\" srcset=\"https:\/\/bjarkagard.se\/wp-content\/uploads\/2025\/06\/Bjarkagard-pa-Osterlen-ateljen.jpg 1920w, https:\/\/bjarkagard.se\/wp-content\/uploads\/2025\/06\/Bjarkagard-pa-Osterlen-ateljen-300x214.jpg 300w, https:\/\/bjarkagard.se\/wp-content\/uploads\/2025\/06\/Bjarkagard-pa-Osterlen-ateljen-1024x732.jpg 1024w, https:\/\/bjarkagard.se\/wp-content\/uploads\/2025\/06\/Bjarkagard-pa-Osterlen-ateljen-768x549.jpg 768w, https:\/\/bjarkagard.se\/wp-content\/uploads\/2025\/06\/Bjarkagard-pa-Osterlen-ateljen-1536x1098.jpg 1536w\" sizes=\"auto, (max-width: 1920px) 100vw, 1920px\" alt=\"Bjarkag\u00e5rd on \u00d6sterlen studio\" title=\"\"><\/a><\/div>\n\t<\/div><\/figure>\n\n<\/div><h3 class=\"bde-heading-25-165 bde-heading\">\nUnique accommodation\n<\/h3>\n<\/div>\n<\/div><\/div>\n<\/section><section class=\"bde-section-25-203 bde-section\">\n  \n  \n\t\n\n\n\n<div class=\"section-container\"><div class=\"bde-columns-25-179 bde-columns\"><div class=\"bde-column-25-180 bde-column\">\n  \n  \n\t\n\n\n\n<div class=\"bde-image-25-181 bde-image\">\n<figure class=\"breakdance-image breakdance-image--430\">\n\t<div class=\"breakdance-image-container\">\n\t\t<div class=\"breakdance-image-clip\"><img loading=\"lazy\" decoding=\"async\" class=\"breakdance-image-object\" src=\"https:\/\/bjarkagard.se\/wp-content\/uploads\/2025\/06\/glaskula-kopia.jpg\" width=\"900\" height=\"416\" srcset=\"https:\/\/bjarkagard.se\/wp-content\/uploads\/2025\/06\/glaskula-kopia.jpg 900w, https:\/\/bjarkagard.se\/wp-content\/uploads\/2025\/06\/glaskula-kopia-300x139.jpg 300w, https:\/\/bjarkagard.se\/wp-content\/uploads\/2025\/06\/glaskula-kopia-768x355.jpg 768w\" sizes=\"auto, (max-width: 900px) 100vw, 900px\" alt=\"Bjarka farm in \u00d6sterlen\" title=\"\"><\/div>\n\t<\/div><\/figure>\n\n<\/div>\n<\/div><div class=\"bde-column-25-182 bde-column\">\n  \n  \n\t\n\n\n\n<div class=\"bde-text-25-183 bde-text\">\n\n<\/div><h2 class=\"bde-heading-25-184 bde-heading\">\nOpportunities at Bjarkag\u00e5rd\n<\/h2><div class=\"bde-text-25-205 bde-text\">\nWelcome to stay in our cosy safari tents and lovely apartments. Breakfast is served in the orangery and on the terrace there is a barbecue and outdoor furniture.<br><br>Our beautiful premises are available for hire for courses, events and parties. <br><br>The former glassworks can accommodate 150 people, with the orangery, pottery workshop and large terrace next door. It is surrounded by beech forests and fields.<br><br>If you are interested in collaborating or renting, please get in touch!  \n<\/div><a class=\"bde-container-link-25-206 bde-container-link breakdance-link\" href=\"https:\/\/bjarkagard.se\/en\/contact\/\" target=\"_self\" data-type=\"url\">\n  \n  \n\t\n\n\n\n<div class=\"bde-text-25-207 bde-text\">\nContact us at\n<\/div><div class=\"bde-icon-25-208 bde-icon\">\n\n    \n            <div class=\"bde-icon-icon breakdance-icon-atom\" >\n    \n                    <svg xmlns=\"http:\/\/www.w3.org\/2000\/svg\" width=\"63\" height=\"16\" viewbox=\"0 0 63 16\" fill=\"none\">\n<path opacity=\"0.88\" d=\"M62.7071 8.70711C63.0976 8.31658 63.0976 7.68342 62.7071 7.29289L56.3431 0.928932C55.9526 0.538408 55.3195 0.538408 54.9289 0.928932C54.5384 1.31946 54.5384 1.95262 54.9289 2.34315L60.5858 8L54.9289 13.6569C54.5384 14.0474 54.5384 14.6805 54.9289 15.0711C55.3195 15.4616 55.9526 15.4616 56.3431 15.0711L62.7071 8.70711ZM0 9H62V7H0V9Z\" fill=\"#384140\"\/>\n<\/svg>\n        \n        \n        \n            <\/div>\n    \n\n\n<\/div>\n\n<\/a>\n<\/div><\/div><\/div>\n<\/section>","protected":false},"excerpt":{"rendered":"<p>Kom n\u00e4ra dig sj\u00e4lv och naturen V\u00e4lkommen till Bjarkag\u00e5rd scrolla f\u00f6r mer Bo i glamping, tiny house eller l\u00e4genhet Unikt boende p\u00e5 \u00d6sterlen Vakna till f\u00e5gels\u00e5ngen Njut av tystnaden Glamping med bekv\u00e4mlighet Koppla av, andas, ladda ny energi i naturen. Njut av b\u00e4sta glampingen i Sk\u00e5ne Bjarkag\u00e5rdens speciella faciliteter Glamping all inclusive Boka behandling Gott [&hellip;]<\/p>\n","protected":false},"author":1,"featured_media":62,"parent":0,"menu_order":0,"comment_status":"closed","ping_status":"closed","template":"","meta":{"_acf_changed":false,"footnotes":""},"class_list":["post-25","page","type-page","status-publish","has-post-thumbnail","hentry"],"acf":[],"_links":{"self":[{"href":"https:\/\/bjarkagard.se\/en\/wp-json\/wp\/v2\/pages\/25","targetHints":{"allow":["GET"]}}],"collection":[{"href":"https:\/\/bjarkagard.se\/en\/wp-json\/wp\/v2\/pages"}],"about":[{"href":"https:\/\/bjarkagard.se\/en\/wp-json\/wp\/v2\/types\/page"}],"author":[{"embeddable":true,"href":"https:\/\/bjarkagard.se\/en\/wp-json\/wp\/v2\/users\/1"}],"replies":[{"embeddable":true,"href":"https:\/\/bjarkagard.se\/en\/wp-json\/wp\/v2\/comments?post=25"}],"version-history":[{"count":0,"href":"https:\/\/bjarkagard.se\/en\/wp-json\/wp\/v2\/pages\/25\/revisions"}],"wp:featuredmedia":[{"embeddable":true,"href":"https:\/\/bjarkagard.se\/en\/wp-json\/wp\/v2\/media\/62"}],"wp:attachment":[{"href":"https:\/\/bjarkagard.se\/en\/wp-json\/wp\/v2\/media?parent=25"}],"curies":[{"name":"wp","href":"https:\/\/api.w.org\/{rel}","templated":true}]}}