{"id":302,"date":"2025-06-17T11:01:57","date_gmt":"2025-06-17T09:01:57","guid":{"rendered":"https:\/\/bjarkagard.se\/?page_id=302"},"modified":"2025-06-19T23:29:19","modified_gmt":"2025-06-19T21:29:19","slug":"moth-events","status":"publish","type":"page","link":"https:\/\/bjarkagard.se\/en\/moten-events\/","title":{"rendered":"Meetings &amp; Events"},"content":{"rendered":"<style>.breakdance .bde-section-302-100{background-image:url(https:\/\/bjarkagard.se\/wp-content\/uploads\/2025\/06\/Bjarkagard-pa-Osterlen-orangeri-loungen-1024x731.jpg);background-size:cover;background-repeat:no-repeat;background-position:center center}.breakdance .bde-section-302-100>.section-background-overlay{background-color:var(--bde-palette-color-1-672e4e9d-3e19-4b83-83a1-c3c7b9f8c47b);transition:background-color var(--bde-transition-duration) ease-in-out}.breakdance .bde-section-302-100>.section-background-overlay{opacity:0.2}<\/style><section class=\"bde-section-302-100 bde-section\">\n              \n  \n  \n\t\n\n  <div class=\"section-background-overlay\"><\/div>\n\n\n<div class=\"section-container\"><div class=\"bde-text-302-101 bde-text\">\nCreative meetings at Bjarkag\u00e5rd yield results \n<\/div><h1 class=\"bde-heading-302-102 bde-heading\">\nMeetings &amp; Events\n<\/h1><div class=\"bde-div-302-103 bde-div\">\n  \n  \n\t\n\n\n\n<div class=\"bde-text-302-104 bde-text\">\nscroll for more\n<\/div><div class=\"bde-image-302-105 bde-image\">\n<figure class=\"breakdance-image breakdance-image--49\">\n\t<div class=\"breakdance-image-container\">\n\t\t<div class=\"breakdance-image-clip\"><img loading=\"lazy\" decoding=\"async\" class=\"breakdance-image-object\" src=\"https:\/\/breakdancelibrary.com\/hotel\/wp-content\/uploads\/sites\/34\/2023\/02\/arrow-down-black-white.png\" width=\"7\" height=\"61\" sizes=\"auto, (max-width: 7px) 100vw, 7px\" alt=\"\" title=\"\"><\/div>\n\t<\/div><\/figure>\n\n<\/div>\n<\/div><\/div>\n<\/section><section class=\"bde-section-302-109 bde-section\">\n  \n  \n\t\n\n\n\n<div class=\"section-container\"><div class=\"bde-div-302-110 bde-div\">\n  \n  \n\t\n\n\n\n<div class=\"bde-text-302-111 bde-text\">\nPlaces for creativity and encounter\n<\/div><h2 class=\"bde-heading-302-112 bde-heading\">\nA place for community\n<\/h2>\n<\/div><div class=\"bde-div-302-113 bde-div\">\n  \n  \n\t\n\n\n\n<div class=\"bde-div-302-114 bde-div\">\n  \n  \n\t\n\n\n\n<div class=\"bde-image-302-115 bde-image\">\n<figure class=\"breakdance-image breakdance-image--496\">\n\t<div class=\"breakdance-image-container\">\n\t\t<div class=\"breakdance-image-clip\"><img loading=\"lazy\" decoding=\"async\" class=\"breakdance-image-object\" src=\"https:\/\/bjarkagard.se\/wp-content\/uploads\/2025\/06\/folk-i-orangeriet-1-768x576.jpg\" width=\"768\" height=\"576\" srcset=\"https:\/\/bjarkagard.se\/wp-content\/uploads\/2025\/06\/folk-i-orangeriet-1.jpg 900w, https:\/\/bjarkagard.se\/wp-content\/uploads\/2025\/06\/folk-i-orangeriet-1-300x225.jpg 300w, https:\/\/bjarkagard.se\/wp-content\/uploads\/2025\/06\/folk-i-orangeriet-1-768x576.jpg 768w\" sizes=\"auto, (max-width: 900px) 100vw, 900px\" alt=\"\" title=\"\"><\/div>\n\t<\/div><\/figure>\n\n<\/div><h3 class=\"bde-heading-302-116 bde-heading\">\nWorking meetings and kick-offs\n<\/h3><div class=\"bde-text-302-117 bde-text\">\nContact us to find out more\n<\/div>\n<\/div><div class=\"bde-div-302-118 bde-div\">\n  \n  \n\t\n\n\n\n<div class=\"bde-image-302-119 bde-image\">\n<figure class=\"breakdance-image breakdance-image--436\">\n\t<div class=\"breakdance-image-container\">\n\t\t<div class=\"breakdance-image-clip\"><img loading=\"lazy\" decoding=\"async\" class=\"breakdance-image-object\" src=\"https:\/\/bjarkagard.se\/wp-content\/uploads\/2025\/06\/yogasal-768x1024.jpg\" width=\"768\" height=\"1024\" srcset=\"https:\/\/bjarkagard.se\/wp-content\/uploads\/2025\/06\/yogasal.jpg 1440w, https:\/\/bjarkagard.se\/wp-content\/uploads\/2025\/06\/yogasal-225x300.jpg 225w, https:\/\/bjarkagard.se\/wp-content\/uploads\/2025\/06\/yogasal-768x1024.jpg 768w, https:\/\/bjarkagard.se\/wp-content\/uploads\/2025\/06\/yogasal-1152x1536.jpg 1152w\" sizes=\"auto, (max-width: 1440px) 100vw, 1440px\" alt=\"Bjarka farm in \u00d6sterlen\" title=\"\"><\/div>\n\t<\/div><\/figure>\n\n<\/div><h3 class=\"bde-heading-302-120 bde-heading\">\nCourses\n<\/h3><div class=\"bde-text-302-121 bde-text\">\nIf you are a course leader and interested in organising with us - write to us\n<\/div>\n<\/div><div class=\"bde-div-302-122 bde-div\">\n  \n  \n\t\n\n\n\n<div class=\"bde-image-302-123 bde-image\">\n<figure class=\"breakdance-image breakdance-image--512\">\n\t<div class=\"breakdance-image-container\">\n\t\t<div class=\"breakdance-image-clip\"><img loading=\"lazy\" decoding=\"async\" class=\"breakdance-image-object\" src=\"https:\/\/bjarkagard.se\/wp-content\/uploads\/2025\/06\/matbild-kopia.jpg\" width=\"1920\" height=\"1920\" srcset=\"https:\/\/bjarkagard.se\/wp-content\/uploads\/2025\/06\/matbild-kopia.jpg 1920w, https:\/\/bjarkagard.se\/wp-content\/uploads\/2025\/06\/matbild-kopia-300x300.jpg 300w, https:\/\/bjarkagard.se\/wp-content\/uploads\/2025\/06\/matbild-kopia-1024x1024.jpg 1024w, https:\/\/bjarkagard.se\/wp-content\/uploads\/2025\/06\/matbild-kopia-150x150.jpg 150w, https:\/\/bjarkagard.se\/wp-content\/uploads\/2025\/06\/matbild-kopia-768x768.jpg 768w, https:\/\/bjarkagard.se\/wp-content\/uploads\/2025\/06\/matbild-kopia-1536x1536.jpg 1536w\" sizes=\"auto, (max-width: 1920px) 100vw, 1920px\" alt=\"\" title=\"\"><\/div>\n\t<\/div><\/figure>\n\n<\/div><h3 class=\"bde-heading-302-124 bde-heading\">\nWeddings and parties\n<\/h3><div class=\"bde-text-302-125 bde-text\">\nWe have the facilities and will help you organise the party of your life\n<\/div>\n<\/div>\n<\/div><\/div>\n<\/section><section class=\"bde-section-302-127 bde-section\">\n  \n  \n\t\n\n\n\n<div class=\"section-container\"><div class=\"bde-columns-302-128 bde-columns\"><div class=\"bde-column-302-129 bde-column\">\n  \n  \n\t\n\n\n\n<img decoding=\"async\" class=\"bde-image2-302-139 bde-image2\" src=\"https:\/\/bjarkagard.se\/wp-content\/uploads\/2025\/06\/orangeri-dukat-kopia.jpg\" alt=\"Bjarka farm in \u00d6sterlen\" loading=\"lazy\" srcset=\"https:\/\/bjarkagard.se\/wp-content\/uploads\/2025\/06\/orangeri-dukat-kopia.jpg 700w, https:\/\/bjarkagard.se\/wp-content\/uploads\/2025\/06\/orangeri-dukat-kopia-225x300.jpg 225w\" sizes=\"(max-width: 700px) 100vw, 700px\" title=\"\">\n<\/div><div class=\"bde-column-302-131 bde-column\">\n  \n  \n\t\n\n\n\n<div class=\"bde-text-302-132 bde-text\">\nCreative meetings that get results\n<\/div><h2 class=\"bde-heading-302-133 bde-heading\">\nBeautiful rooms both inside and out\n<\/h2><div class=\"bde-text-302-134 bde-text\">\nOur beautiful meeting rooms and outdoor spaces are perfect for business meetings, courses, events and parties. <br><br>The former glassworks can accommodate 150 people, with the orangery and the large terrace next door. It is surrounded by beech forests and fields.<br><br>There is wi-fi and space for work and socialising.<br><br>Do you want to stay overnight? Then here are the apartments and glamping tents.<br><br>If you are interested in collaborating or renting, please get in touch!  \n<\/div><a class=\"bde-container-link-302-135 bde-container-link breakdance-link\" href=\"https:\/\/bjarkagard.se\/en\/contact\/\" target=\"_self\" data-type=\"url\">\n  \n  \n\t\n\n\n\n<div class=\"bde-text-302-136 bde-text\">\nContact us at\n<\/div><div class=\"bde-icon-302-137 bde-icon\">\n\n    \n            <div class=\"bde-icon-icon breakdance-icon-atom\" >\n    \n                    <svg xmlns=\"http:\/\/www.w3.org\/2000\/svg\" width=\"63\" height=\"16\" viewbox=\"0 0 63 16\" fill=\"none\">\n<path opacity=\"0.88\" d=\"M62.7071 8.70711C63.0976 8.31658 63.0976 7.68342 62.7071 7.29289L56.3431 0.928932C55.9526 0.538408 55.3195 0.538408 54.9289 0.928932C54.5384 1.31946 54.5384 1.95262 54.9289 2.34315L60.5858 8L54.9289 13.6569C54.5384 14.0474 54.5384 14.6805 54.9289 15.0711C55.3195 15.4616 55.9526 15.4616 56.3431 15.0711L62.7071 8.70711ZM0 9H62V7H0V9Z\" fill=\"#384140\"\/>\n<\/svg>\n        \n        \n        \n            <\/div>\n    \n\n\n<\/div>\n\n<\/a>\n<\/div><\/div><\/div>\n<\/section><section class=\"bde-section-302-140 bde-section\">\n  \n  \n\t\n\n\n\n<div class=\"section-container\"><div class=\"bde-columns-302-141 bde-columns\"><div class=\"bde-column-302-144 bde-column\">\n  \n  \n\t\n\n\n\n<div class=\"bde-text-302-145 bde-text\">\nNature inspires\n<\/div><h2 class=\"bde-heading-302-146 bde-heading\">\nMeeting in other ways\n<\/h2><div class=\"bde-text-302-147 bde-text\">\nThe proximity to nature provides opportunities for new ways of meeting - over the campfire, walk and talks in the forest or on the slopes.<br><br>Let us help you design a holiday that makes the most of the opportunities that nature offers.<br><br><br>\n<\/div><a class=\"bde-container-link-302-148 bde-container-link breakdance-link\" href=\"https:\/\/bjarkagard.se\/en\/contact\/\" target=\"_self\" data-type=\"url\">\n  \n  \n\t\n\n\n\n<div class=\"bde-text-302-149 bde-text\">\nContact us at\n<\/div><div class=\"bde-icon-302-150 bde-icon\">\n\n    \n            <div class=\"bde-icon-icon breakdance-icon-atom\" >\n    \n                    <svg xmlns=\"http:\/\/www.w3.org\/2000\/svg\" width=\"63\" height=\"16\" viewbox=\"0 0 63 16\" fill=\"none\">\n<path opacity=\"0.88\" d=\"M62.7071 8.70711C63.0976 8.31658 63.0976 7.68342 62.7071 7.29289L56.3431 0.928932C55.9526 0.538408 55.3195 0.538408 54.9289 0.928932C54.5384 1.31946 54.5384 1.95262 54.9289 2.34315L60.5858 8L54.9289 13.6569C54.5384 14.0474 54.5384 14.6805 54.9289 15.0711C55.3195 15.4616 55.9526 15.4616 56.3431 15.0711L62.7071 8.70711ZM0 9H62V7H0V9Z\" fill=\"#384140\"\/>\n<\/svg>\n        \n        \n        \n            <\/div>\n    \n\n\n<\/div>\n\n<\/a>\n<\/div><div class=\"bde-column-302-142 bde-column\">\n  \n  \n\t\n\n\n\n<img decoding=\"async\" class=\"bde-image2-302-143 bde-image2\" src=\"https:\/\/bjarkagard.se\/wp-content\/uploads\/2025\/06\/pannkakor-scaled.jpg\" alt=\"Bjarka farm in \u00d6sterlen\" loading=\"lazy\" srcset=\"https:\/\/bjarkagard.se\/wp-content\/uploads\/2025\/06\/pannkakor-scaled.jpg 1920w, https:\/\/bjarkagard.se\/wp-content\/uploads\/2025\/06\/pannkakor-225x300.jpg 225w, https:\/\/bjarkagard.se\/wp-content\/uploads\/2025\/06\/pannkakor-768x1024.jpg 768w, https:\/\/bjarkagard.se\/wp-content\/uploads\/2025\/06\/pannkakor-1152x1536.jpg 1152w, https:\/\/bjarkagard.se\/wp-content\/uploads\/2025\/06\/pannkakor-1536x2048.jpg 1536w\" sizes=\"(max-width: 1920px) 100vw, 1920px\" title=\"\">\n<\/div><\/div><\/div>\n<\/section>","protected":false},"excerpt":{"rendered":"<p>Kreativa m\u00f6ten p\u00e5 Bjarkag\u00e5rd ger resultat M\u00f6ten &#038; Events scrolla f\u00f6r mer Platser f\u00f6r kreativitet och m\u00f6te En plats f\u00f6r gemenskap Arbetsm\u00f6ten och kickoff Kontakta oss f\u00f6r att veta mer Kurser \u00c4r du kursledare och intresserad av att arrangera hos oss &#8211; skriv till oss Br\u00f6llop och fest Vi har lokalerna och hj\u00e4lper er att [&hellip;]<\/p>\n","protected":false},"author":1,"featured_media":106,"parent":0,"menu_order":0,"comment_status":"closed","ping_status":"closed","template":"","meta":{"_acf_changed":false,"footnotes":""},"class_list":["post-302","page","type-page","status-publish","has-post-thumbnail","hentry"],"acf":[],"_links":{"self":[{"href":"https:\/\/bjarkagard.se\/en\/wp-json\/wp\/v2\/pages\/302","targetHints":{"allow":["GET"]}}],"collection":[{"href":"https:\/\/bjarkagard.se\/en\/wp-json\/wp\/v2\/pages"}],"about":[{"href":"https:\/\/bjarkagard.se\/en\/wp-json\/wp\/v2\/types\/page"}],"author":[{"embeddable":true,"href":"https:\/\/bjarkagard.se\/en\/wp-json\/wp\/v2\/users\/1"}],"replies":[{"embeddable":true,"href":"https:\/\/bjarkagard.se\/en\/wp-json\/wp\/v2\/comments?post=302"}],"version-history":[{"count":0,"href":"https:\/\/bjarkagard.se\/en\/wp-json\/wp\/v2\/pages\/302\/revisions"}],"wp:featuredmedia":[{"embeddable":true,"href":"https:\/\/bjarkagard.se\/en\/wp-json\/wp\/v2\/media\/106"}],"wp:attachment":[{"href":"https:\/\/bjarkagard.se\/en\/wp-json\/wp\/v2\/media?parent=302"}],"curies":[{"name":"wp","href":"https:\/\/api.w.org\/{rel}","templated":true}]}}