{"id":373,"date":"2025-06-18T09:59:00","date_gmt":"2025-06-18T07:59:00","guid":{"rendered":"https:\/\/bjarkagard.se\/?page_id=373"},"modified":"2025-06-19T23:25:41","modified_gmt":"2025-06-19T21:25:41","slug":"massage","status":"publish","type":"page","link":"https:\/\/bjarkagard.se\/en\/massage\/","title":{"rendered":"Massages"},"content":{"rendered":"<style>.breakdance .bde-section-373-100{background-image:url(https:\/\/bjarkagard.se\/wp-content\/uploads\/2025\/06\/shani-731x1024.jpg);background-size:cover;background-repeat:no-repeat;background-position:center center}.breakdance .bde-section-373-100>.section-background-overlay{background-color:var(--bde-palette-color-1-672e4e9d-3e19-4b83-83a1-c3c7b9f8c47b);transition:background-color var(--bde-transition-duration) ease-in-out}.breakdance .bde-section-373-100>.section-background-overlay{opacity:0.2}<\/style><section class=\"bde-section-373-100 bde-section\">\n              \n  \n  \n\t\n\n  <div class=\"section-background-overlay\"><\/div>\n\n\n<div class=\"section-container\"><div class=\"bde-text-373-101 bde-text\">\nBook a body therapy treatment\n<\/div><h1 class=\"bde-heading-373-102 bde-heading\">\nMassages\n<\/h1><div class=\"bde-div-373-103 bde-div\">\n  \n  \n\t\n\n\n\n<div class=\"bde-text-373-104 bde-text\">\nscroll for more\n<\/div><div class=\"bde-image-373-105 bde-image\">\n<figure class=\"breakdance-image breakdance-image--49\">\n\t<div class=\"breakdance-image-container\">\n\t\t<div class=\"breakdance-image-clip\"><img loading=\"lazy\" decoding=\"async\" class=\"breakdance-image-object\" src=\"https:\/\/breakdancelibrary.com\/hotel\/wp-content\/uploads\/sites\/34\/2023\/02\/arrow-down-black-white.png\" width=\"7\" height=\"61\" sizes=\"auto, (max-width: 7px) 100vw, 7px\" alt=\"\" title=\"\"><\/div>\n\t<\/div><\/figure>\n\n<\/div>\n<\/div><\/div>\n<\/section><section class=\"bde-section-373-109 bde-section\">\n  \n  \n\t\n\n\n\n<div class=\"section-container\"><div class=\"bde-div-373-110 bde-div\">\n  \n  \n\t\n\n\n\n<div class=\"bde-text-373-111 bde-text\">\nFull body massage that gets you down in the body\n<\/div><h2 class=\"bde-heading-373-112 bde-heading\">\n\n<\/h2>\n<\/div><div class=\"bde-div-373-113 bde-div\">\n  \n  \n\t\n\n\n\n<div class=\"bde-div-373-114 bde-div\">\n  \n  \n\t\n\n\n\n<div class=\"bde-image-373-115 bde-image\">\n<figure class=\"breakdance-image breakdance-image--558\">\n\t<div class=\"breakdance-image-container\">\n\t\t<div class=\"breakdance-image-clip\"><img loading=\"lazy\" decoding=\"async\" class=\"breakdance-image-object\" src=\"https:\/\/bjarkagard.se\/wp-content\/uploads\/2025\/06\/3EE56D48-31EA-4C4D-B2D8-2654AB4CBF0E-768x1024.jpeg\" width=\"768\" height=\"1024\" srcset=\"https:\/\/bjarkagard.se\/wp-content\/uploads\/2025\/06\/3EE56D48-31EA-4C4D-B2D8-2654AB4CBF0E.jpeg 1080w, https:\/\/bjarkagard.se\/wp-content\/uploads\/2025\/06\/3EE56D48-31EA-4C4D-B2D8-2654AB4CBF0E-225x300.jpeg 225w, https:\/\/bjarkagard.se\/wp-content\/uploads\/2025\/06\/3EE56D48-31EA-4C4D-B2D8-2654AB4CBF0E-768x1024.jpeg 768w\" sizes=\"auto, (max-width: 1080px) 100vw, 1080px\" alt=\"\" title=\"\"><\/div>\n\t<\/div><\/figure>\n\n<\/div><h3 class=\"bde-heading-373-116 bde-heading\">\n\n<\/h3><div class=\"bde-text-373-117 bde-text\">\n \n<\/div>\n<\/div><div class=\"bde-div-373-118 bde-div\">\n  \n  \n\t\n\n\n\n<div class=\"bde-image-373-119 bde-image\">\n<figure class=\"breakdance-image breakdance-image--559\">\n\t<div class=\"breakdance-image-container\">\n\t\t<div class=\"breakdance-image-clip\"><img loading=\"lazy\" decoding=\"async\" class=\"breakdance-image-object\" src=\"https:\/\/bjarkagard.se\/wp-content\/uploads\/2025\/06\/5942B91A-58F0-44D6-928A-3772BA8629EE-768x1024.jpeg\" width=\"768\" height=\"1024\" srcset=\"https:\/\/bjarkagard.se\/wp-content\/uploads\/2025\/06\/5942B91A-58F0-44D6-928A-3772BA8629EE.jpeg 1080w, https:\/\/bjarkagard.se\/wp-content\/uploads\/2025\/06\/5942B91A-58F0-44D6-928A-3772BA8629EE-225x300.jpeg 225w, https:\/\/bjarkagard.se\/wp-content\/uploads\/2025\/06\/5942B91A-58F0-44D6-928A-3772BA8629EE-768x1024.jpeg 768w\" sizes=\"auto, (max-width: 1080px) 100vw, 1080px\" alt=\"\" title=\"\"><\/div>\n\t<\/div><\/figure>\n\n<\/div><h3 class=\"bde-heading-373-120 bde-heading\">\n\n<\/h3><div class=\"bde-text-373-121 bde-text\">\n\n<\/div>\n<\/div><div class=\"bde-div-373-122 bde-div\">\n  \n  \n\t\n\n\n\n<div class=\"bde-image-373-123 bde-image\">\n<figure class=\"breakdance-image breakdance-image--560\">\n\t<div class=\"breakdance-image-container\">\n\t\t<div class=\"breakdance-image-clip\"><img loading=\"lazy\" decoding=\"async\" class=\"breakdance-image-object\" src=\"https:\/\/bjarkagard.se\/wp-content\/uploads\/2025\/06\/DFB58998-072C-43EC-A503-9AEF34B995B0.jpeg\" width=\"1080\" height=\"1440\" srcset=\"https:\/\/bjarkagard.se\/wp-content\/uploads\/2025\/06\/DFB58998-072C-43EC-A503-9AEF34B995B0.jpeg 1080w, https:\/\/bjarkagard.se\/wp-content\/uploads\/2025\/06\/DFB58998-072C-43EC-A503-9AEF34B995B0-225x300.jpeg 225w, https:\/\/bjarkagard.se\/wp-content\/uploads\/2025\/06\/DFB58998-072C-43EC-A503-9AEF34B995B0-768x1024.jpeg 768w\" sizes=\"auto, (max-width: 1080px) 100vw, 1080px\" alt=\"\" title=\"\"><\/div>\n\t<\/div><\/figure>\n\n<\/div><h3 class=\"bde-heading-373-124 bde-heading\">\n\n<\/h3><div class=\"bde-text-373-125 bde-text\">\n\n<\/div>\n<\/div>\n<\/div><\/div>\n<\/section><section class=\"bde-section-373-126 bde-section\">\n  \n  \n\t\n\n\n\n<div class=\"section-container\"><div class=\"bde-columns-373-127 bde-columns\"><div class=\"bde-column-373-128 bde-column\">\n  \n  \n\t\n\n\n\n<div class=\"bde-image-373-129 bde-image\">\n<figure class=\"breakdance-image breakdance-image--553\">\n\t<div class=\"breakdance-image-container\">\n\t\t<div class=\"breakdance-image-clip\"><img loading=\"lazy\" decoding=\"async\" class=\"breakdance-image-object\" src=\"https:\/\/bjarkagard.se\/wp-content\/uploads\/2025\/06\/svartvitt.jpeg\" width=\"900\" height=\"599\" srcset=\"https:\/\/bjarkagard.se\/wp-content\/uploads\/2025\/06\/svartvitt.jpeg 900w, https:\/\/bjarkagard.se\/wp-content\/uploads\/2025\/06\/svartvitt-300x200.jpeg 300w, https:\/\/bjarkagard.se\/wp-content\/uploads\/2025\/06\/svartvitt-768x511.jpeg 768w\" sizes=\"auto, (max-width: 900px) 100vw, 900px\" alt=\"\" title=\"\"><\/div>\n\t<\/div><\/figure>\n\n<\/div>\n<\/div><div class=\"bde-column-373-130 bde-column\">\n  \n  \n\t\n\n\n\n<div class=\"bde-text-373-131 bde-text\">\n\n<\/div><h2 class=\"bde-heading-373-132 bde-heading\">\nGive yourself permission to land in your body\n<\/h2><div class=\"bde-text-373-133 bde-text\">\nThe treatment is based on a holistic understanding of the person and the body. <br><br>It is a full body massage where we work on the nervous system, breathing, joints and acupressure points, while talking about what is moving in you and in your body. <br><br>We actively work on physical problems in the body to relieve pain, create better mobility and more freedom in the body.\n<\/div><a class=\"bde-container-link-373-134 bde-container-link breakdance-link\" href=\"https:\/\/bjarkagard.se\/en\/contact\/\" target=\"_self\" data-type=\"url\">\n  \n  \n\t\n\n\n\n<div class=\"bde-text-373-135 bde-text\">\nBook a massage\n<\/div><div class=\"bde-icon-373-136 bde-icon\">\n\n    \n            <div class=\"bde-icon-icon breakdance-icon-atom\" >\n    \n                    <svg xmlns=\"http:\/\/www.w3.org\/2000\/svg\" width=\"63\" height=\"16\" viewbox=\"0 0 63 16\" fill=\"none\">\n<path opacity=\"0.88\" d=\"M62.7071 8.70711C63.0976 8.31658 63.0976 7.68342 62.7071 7.29289L56.3431 0.928932C55.9526 0.538408 55.3195 0.538408 54.9289 0.928932C54.5384 1.31946 54.5384 1.95262 54.9289 2.34315L60.5858 8L54.9289 13.6569C54.5384 14.0474 54.5384 14.6805 54.9289 15.0711C55.3195 15.4616 55.9526 15.4616 56.3431 15.0711L62.7071 8.70711ZM0 9H62V7H0V9Z\" fill=\"#384140\"\/>\n<\/svg>\n        \n        \n        \n            <\/div>\n    \n\n\n<\/div>\n\n<\/a>\n<\/div><\/div><\/div>\n<\/section><section class=\"bde-section-373-137 bde-section\">\n  \n  \n\t\n\n\n\n<div class=\"section-container\"><div class=\"bde-div-373-138 bde-div\">\n  \n  \n\t\n\n\n\n<h2 class=\"bde-heading-373-140 bde-heading\">\nPracticalities of treatment\n<\/h2>\n<\/div><div class=\"bde-div-373-141 bde-div\">\n  \n  \n\t\n\n\n\n<div class=\"bde-div-373-146 bde-div\">\n  \n  \n\t\n\n\n\n<div class=\"bde-image-373-147 bde-image\">\n<figure class=\"breakdance-image breakdance-image--92\">\n\t<div class=\"breakdance-image-container\">\n\t\t<div class=\"breakdance-image-clip\"><img loading=\"lazy\" decoding=\"async\" class=\"breakdance-image-object\" src=\"https:\/\/bjarkagard.se\/wp-content\/uploads\/2025\/06\/shani-768x1075.jpg\" width=\"768\" height=\"1075\" srcset=\"https:\/\/bjarkagard.se\/wp-content\/uploads\/2025\/06\/shani.jpg 857w, https:\/\/bjarkagard.se\/wp-content\/uploads\/2025\/06\/shani-214x300.jpg 214w, https:\/\/bjarkagard.se\/wp-content\/uploads\/2025\/06\/shani-731x1024.jpg 731w, https:\/\/bjarkagard.se\/wp-content\/uploads\/2025\/06\/shani-768x1075.jpg 768w\" sizes=\"auto, (max-width: 857px) 100vw, 857px\" alt=\"Shani at Bjarka Farm\" title=\"\"><\/div>\n\t<\/div><\/figure>\n\n<\/div><h3 class=\"bde-heading-373-148 bde-heading\">\nAbout the body therapy treatment\n<\/h3><div class=\"bde-text-373-149 bde-text\">\nA treatment lasts approx. 75 minutes and begins with a conversation. Then I treat on the bed where I usually treat the front of the body first and then the back of the body. The treatment can be very powerful and gets the circulation going in body and mind. Therefore, it is good if there is space and peace to feel and listen to the body afterwards. \n<\/div>\n<\/div><div class=\"bde-div-373-150 bde-div\">\n  \n  \n\t\n\n\n\n<div class=\"bde-image-373-151 bde-image\">\n<figure class=\"breakdance-image breakdance-image--385\">\n\t<div class=\"breakdance-image-container\">\n\t\t<div class=\"breakdance-image-clip\"><img loading=\"lazy\" decoding=\"async\" class=\"breakdance-image-object\" src=\"https:\/\/bjarkagard.se\/wp-content\/uploads\/2025\/06\/shani-massage-scaled.webp\" width=\"1703\" height=\"2560\" srcset=\"https:\/\/bjarkagard.se\/wp-content\/uploads\/2025\/06\/shani-massage-scaled.webp 1703w, https:\/\/bjarkagard.se\/wp-content\/uploads\/2025\/06\/shani-massage-200x300.webp 200w, https:\/\/bjarkagard.se\/wp-content\/uploads\/2025\/06\/shani-massage-681x1024.webp 681w, https:\/\/bjarkagard.se\/wp-content\/uploads\/2025\/06\/shani-massage-768x1154.webp 768w, https:\/\/bjarkagard.se\/wp-content\/uploads\/2025\/06\/shani-massage-1022x1536.webp 1022w, https:\/\/bjarkagard.se\/wp-content\/uploads\/2025\/06\/shani-massage-1363x2048.webp 1363w\" sizes=\"auto, (max-width: 1703px) 100vw, 1703px\" alt=\"shani massage\" title=\"\"><\/div>\n\t<\/div><\/figure>\n\n<\/div><h3 class=\"bde-heading-373-152 bde-heading\">\nPrice for the treatment: 850 kr\n<\/h3><div class=\"bde-text-373-153 bde-text\">\nI am a trained ManuVision Body Therapist in Copenhagen, and have clients there and in \u00d6sterlen. My goal is to stimulate circulation in the body, relieve pain, create movement and most importantly my mission is to help my client connect with themselves and feel themselves.<br>You are welcome to book or contact us if you want to know more! \n<\/div>\n<\/div>\n<\/div><a class=\"bde-container-link-373-154 bde-container-link breakdance-link\" href=\"https:\/\/bjarkagard.se\/en\/contact\/\" target=\"_self\" data-type=\"url\">\n  \n  \n\t\n\n\n\n<div class=\"bde-text-373-155 bde-text\">\nBook a massage\n<\/div><div class=\"bde-icon-373-156 bde-icon\">\n\n    \n            <div class=\"bde-icon-icon breakdance-icon-atom\" >\n    \n                    <svg xmlns=\"http:\/\/www.w3.org\/2000\/svg\" width=\"63\" height=\"16\" viewbox=\"0 0 63 16\" fill=\"none\">\n<path opacity=\"0.88\" d=\"M62.7071 8.70711C63.0976 8.31658 63.0976 7.68342 62.7071 7.29289L56.3431 0.928932C55.9526 0.538408 55.3195 0.538408 54.9289 0.928932C54.5384 1.31946 54.5384 1.95262 54.9289 2.34315L60.5858 8L54.9289 13.6569C54.5384 14.0474 54.5384 14.6805 54.9289 15.0711C55.3195 15.4616 55.9526 15.4616 56.3431 15.0711L62.7071 8.70711ZM0 9H62V7H0V9Z\" fill=\"#384140\"\/>\n<\/svg>\n        \n        \n        \n            <\/div>\n    \n\n\n<\/div>\n\n<\/a><\/div>\n<\/section>","protected":false},"excerpt":{"rendered":"<p>Boka en kroppsterapeutisk behandling Massage scrolla f\u00f6r mer Helkroppsmassage som f\u00e5r dig ner i kroppen Ge dig sj\u00e4lv lov att landa i kroppen Behandlingen bygger p\u00e5 en helhetsf\u00f6rst\u00e5else f\u00f6r m\u00e4nniskan och kroppen. Det \u00e4r en helkroppsmassage d\u00e4r vi arbetar med nervsystemet, andningen, lederna och akupressurpunkterna, samtidigt som vi pratar om vad som r\u00f6r sig i [&hellip;]<\/p>\n","protected":false},"author":1,"featured_media":92,"parent":0,"menu_order":0,"comment_status":"closed","ping_status":"closed","template":"","meta":{"_acf_changed":false,"footnotes":""},"class_list":["post-373","page","type-page","status-publish","has-post-thumbnail","hentry"],"acf":[],"_links":{"self":[{"href":"https:\/\/bjarkagard.se\/en\/wp-json\/wp\/v2\/pages\/373","targetHints":{"allow":["GET"]}}],"collection":[{"href":"https:\/\/bjarkagard.se\/en\/wp-json\/wp\/v2\/pages"}],"about":[{"href":"https:\/\/bjarkagard.se\/en\/wp-json\/wp\/v2\/types\/page"}],"author":[{"embeddable":true,"href":"https:\/\/bjarkagard.se\/en\/wp-json\/wp\/v2\/users\/1"}],"replies":[{"embeddable":true,"href":"https:\/\/bjarkagard.se\/en\/wp-json\/wp\/v2\/comments?post=373"}],"version-history":[{"count":0,"href":"https:\/\/bjarkagard.se\/en\/wp-json\/wp\/v2\/pages\/373\/revisions"}],"wp:featuredmedia":[{"embeddable":true,"href":"https:\/\/bjarkagard.se\/en\/wp-json\/wp\/v2\/media\/92"}],"wp:attachment":[{"href":"https:\/\/bjarkagard.se\/en\/wp-json\/wp\/v2\/media?parent=373"}],"curies":[{"name":"wp","href":"https:\/\/api.w.org\/{rel}","templated":true}]}}