{"id":730,"date":"2026-04-08T22:15:26","date_gmt":"2026-04-08T20:15:26","guid":{"rendered":"https:\/\/bjarkagard.se\/?page_id=730"},"modified":"2026-04-09T14:51:05","modified_gmt":"2026-04-09T12:51:05","slug":"fragor-och-svar-om-bjarkagard","status":"publish","type":"page","link":"https:\/\/bjarkagard.se\/en\/fragor-och-svar-om-bjarkagard\/","title":{"rendered":"Questions and answers about Bjarkag\u00e5rd"},"content":{"rendered":"<section class=\"bde-section-730-100 bde-section\">\n  \n  \n\t\n\n\n\n<div class=\"section-container\"><h1 class=\"bde-heading-730-102 bde-heading\">\nQuestions and answers about Bjarkag\u00e5rd\n<\/h1><div class=\"bde-repeater-element-730-101 bde-repeater-element\"><div class=\"bde-loop bde-loop-accordion ee-posts bde-dynamic-repeater bde-dynamic-repeater-101 bde-dynamic-repeater-accordion bde-accordion--bordered\">    <div class=\"bde-accordion__content-wrapper\">\n        <h3 class=\"bde-accordion__title-tag\">\n            <button type=\"button\" id=\"accordion-button-field_69d6b1532b504_1\" aria-controls=\"accordion-panel-field_69d6b1532b504_1\" aria-expanded=\"false\" class=\"bde-accordion__button\">\n                <span class=\"bde-accordion__title\">Vad \u00e4r Bjarkag\u00e5rd?<\/span>\n                <span class=\"bde-accordion__icon bde-accordion__icon--default\"><\/span>\n                <span class=\"bde-accordion__icon bde-accordion__icon--active\"><\/span>\n            <\/button>\n        <\/h3>\n\n        <div role=\"region\" id=\"accordion-panel-field_69d6b1532b504_1\" aria-labelledby=\"accordion-button-field_69d6b1532b504_1\" class=\"bde-accordion__panel\">\n            <div class=\"bde-accordion__panel-content\">\n    <div class=\"bde-loop-item ee-post bde-dynamic-repeater-item\"><div class=\"bde-text-746-112-730-1-746-1 bde-text bde-text-746-112\">\nBjarkag\u00e5rd \u00e4r en m\u00f6tesplats och naturupplevelse, d\u00e4r du bor i glampingt\u00e4lt, tinyhouse eller i l\u00e4genhet. Vi finns vid v\u00e4gs \u00e4nde, vilket skapar en stillsam och avskild milj\u00f6. Upplevelsen bygger p\u00e5 gemenskap, h\u00e5llbarhet och att leva enkelt men bekv\u00e4mt i naturen.\n<\/div><\/div>            <\/div>\n        <\/div>\n    <\/div>\n        <div class=\"bde-accordion__content-wrapper\">\n        <h3 class=\"bde-accordion__title-tag\">\n            <button type=\"button\" id=\"accordion-button-field_69d6b1532b504_2\" aria-controls=\"accordion-panel-field_69d6b1532b504_2\" aria-expanded=\"false\" class=\"bde-accordion__button\">\n                <span class=\"bde-accordion__title\">Vad inneb\u00e4r glamping p\u00e5 Bjarkag\u00e5rd?<\/span>\n                <span class=\"bde-accordion__icon bde-accordion__icon--default\"><\/span>\n                <span class=\"bde-accordion__icon bde-accordion__icon--active\"><\/span>\n            <\/button>\n        <\/h3>\n\n        <div role=\"region\" id=\"accordion-panel-field_69d6b1532b504_2\" aria-labelledby=\"accordion-button-field_69d6b1532b504_2\" class=\"bde-accordion__panel\">\n            <div class=\"bde-accordion__panel-content\">\n    <div class=\"bde-loop-item ee-post bde-dynamic-repeater-item\"><div class=\"bde-text-746-112-730-2-746-1 bde-text bde-text-746-112\">\nGlamping p\u00e5 Bjarkag\u00e5rd inneb\u00e4r en naturupplevelse med h\u00f6g komfort. Du bor i ett stort och rymligt \u201dsafarit\u00e4lt\u201d med riktiga s\u00e4ngar och terass med kamin f\u00f6r romantiska kv\u00e4llar. Uppe vid g\u00e5rden finns tillg\u00e5ng till eldplats och ett fullt utrustat, gemensamt k\u00f6k, liksom ett vackert orangeri d\u00e4r du kan vila och h\u00e4nga. H\u00e4r finns dusch och WC inomhus - och utomhus ekotoaletter och uteduschar med varmvatten.\n<\/div><\/div>            <\/div>\n        <\/div>\n    <\/div>\n    <\/div><\/div><\/div>\n<\/section>","protected":false},"excerpt":{"rendered":"<p>Fr\u00e5gor och svar om Bjarkag\u00e5rd Vad \u00e4r Bjarkag\u00e5rd? Bjarkag\u00e5rd \u00e4r en m\u00f6tesplats och naturupplevelse, d\u00e4r du bor i glampingt\u00e4lt, tinyhouse eller i l\u00e4genhet. Vi finns vid v\u00e4gs \u00e4nde, vilket skapar en stillsam och avskild milj\u00f6. Upplevelsen bygger p\u00e5 gemenskap, h\u00e5llbarhet och att leva enkelt men bekv\u00e4mt i naturen. Vad inneb\u00e4r glamping p\u00e5 Bjarkag\u00e5rd? Glamping p\u00e5 [&hellip;]<\/p>\n","protected":false},"author":1,"featured_media":644,"parent":0,"menu_order":0,"comment_status":"closed","ping_status":"closed","template":"","meta":{"_acf_changed":false,"footnotes":""},"class_list":["post-730","page","type-page","status-publish","has-post-thumbnail","hentry"],"acf":[],"_links":{"self":[{"href":"https:\/\/bjarkagard.se\/en\/wp-json\/wp\/v2\/pages\/730","targetHints":{"allow":["GET"]}}],"collection":[{"href":"https:\/\/bjarkagard.se\/en\/wp-json\/wp\/v2\/pages"}],"about":[{"href":"https:\/\/bjarkagard.se\/en\/wp-json\/wp\/v2\/types\/page"}],"author":[{"embeddable":true,"href":"https:\/\/bjarkagard.se\/en\/wp-json\/wp\/v2\/users\/1"}],"replies":[{"embeddable":true,"href":"https:\/\/bjarkagard.se\/en\/wp-json\/wp\/v2\/comments?post=730"}],"version-history":[{"count":1,"href":"https:\/\/bjarkagard.se\/en\/wp-json\/wp\/v2\/pages\/730\/revisions"}],"predecessor-version":[{"id":758,"href":"https:\/\/bjarkagard.se\/en\/wp-json\/wp\/v2\/pages\/730\/revisions\/758"}],"wp:featuredmedia":[{"embeddable":true,"href":"https:\/\/bjarkagard.se\/en\/wp-json\/wp\/v2\/media\/644"}],"wp:attachment":[{"href":"https:\/\/bjarkagard.se\/en\/wp-json\/wp\/v2\/media?parent=730"}],"curies":[{"name":"wp","href":"https:\/\/api.w.org\/{rel}","templated":true}]}}